{"id":9195,"date":"2024-05-22T12:36:58","date_gmt":"2024-05-22T12:36:58","guid":{"rendered":"https:\/\/maler-pllana.de\/?page_id=9195"},"modified":"2024-05-24T19:13:50","modified_gmt":"2024-05-24T19:13:50","slug":"lackarbeiten","status":"publish","type":"page","link":"https:\/\/maler-pllana.de\/index.php\/lackarbeiten\/","title":{"rendered":"Lackarbeiten"},"content":{"rendered":"\t\t<div data-elementor-type=\"wp-page\" data-elementor-id=\"9195\" class=\"elementor elementor-9195\">\n\t\t\t\t\t\t<section class=\"elementor-section elementor-top-section elementor-element elementor-element-2ae1a3a elementor-section-stretched elementor-section-boxed elementor-section-height-default elementor-section-height-default\" data-id=\"2ae1a3a\" data-element_type=\"section\" data-settings=\"{&quot;stretch_section&quot;:&quot;section-stretched&quot;,&quot;background_background&quot;:&quot;classic&quot;}\">\n\t\t\t\t\t\t<div class=\"elementor-container elementor-column-gap-no\">\n\t\t\t\t\t<div class=\"elementor-column elementor-col-100 elementor-top-column elementor-element elementor-element-cddf19b\" data-id=\"cddf19b\" data-element_type=\"column\">\n\t\t\t<div class=\"elementor-widget-wrap elementor-element-populated\">\n\t\t\t\t\t\t<div class=\"elementor-element elementor-element-71745b2 elementor-widget elementor-widget-spacer\" data-id=\"71745b2\" data-element_type=\"widget\" data-widget_type=\"spacer.default\">\n\t\t\t\t<div class=\"elementor-widget-container\">\n\t\t\t\t\t\t\t<div class=\"elementor-spacer\">\n\t\t\t<div class=\"elementor-spacer-inner\"><\/div>\n\t\t<\/div>\n\t\t\t\t\t\t<\/div>\n\t\t\t\t<\/div>\n\t\t\t\t<section class=\"elementor-section elementor-inner-section elementor-element elementor-element-a153fa3 elementor-section-boxed elementor-section-height-default elementor-section-height-default\" data-id=\"a153fa3\" data-element_type=\"section\">\n\t\t\t\t\t\t<div class=\"elementor-container elementor-column-gap-default\">\n\t\t\t\t\t<div class=\"elementor-column elementor-col-50 elementor-inner-column elementor-element elementor-element-41a4492\" data-id=\"41a4492\" data-element_type=\"column\">\n\t\t\t<div class=\"elementor-widget-wrap elementor-element-populated\">\n\t\t\t\t\t\t<div class=\"elementor-element elementor-element-d598706 elementor-widget elementor-widget-mae-headings\" data-id=\"d598706\" data-element_type=\"widget\" data-widget_type=\"mae-headings.default\">\n\t\t\t\t<div class=\"elementor-widget-container\">\n\t\t\t\t\t\t\t<div class=\"master-heading sep-after\">\n\t\t\t\t        \t        \t<div class=\"pre-heading\">Auf welchem Material welche Lackierung?<\/div>\n\t        \n\t        \n\t        \t        <h2 class=\"main-heading\">Lasur - & Lacktechniken<\/h2>\n\t        \n\t        <div class=\"sep\"><\/div>\n\t        \t    <\/div>\n\t    \t\t\t\t<\/div>\n\t\t\t\t<\/div>\n\t\t\t\t<div class=\"elementor-element elementor-element-f81256d elementor-widget elementor-widget-text-editor\" data-id=\"f81256d\" data-element_type=\"widget\" data-widget_type=\"text-editor.default\">\n\t\t\t\t<div class=\"elementor-widget-container\">\n\t\t\t\t\t\t\t\t\t<p>Unsere Lackierdienste umfassen eine <strong>Vielzahl von Oberfl\u00e4chen<\/strong>, die im Innen- und Au\u00dfenbereich lackiert werden k\u00f6nnen, darunter M\u00f6bel, T\u00fcren, Fenster, Gel\u00e4nder und Gitter. Unser erfahrenes Team k\u00fcmmert sich um die fachgerechte <strong>Vorbereitung<\/strong> und <strong>Lackierung<\/strong>, um sicherzustellen, dass Ihre Oberfl\u00e4chen langfristig <strong>gesch\u00fctzt<\/strong> und <strong>\u00e4sthetisch<\/strong> ansprechend sind<\/p>\t\t\t\t\t\t\t\t<\/div>\n\t\t\t\t<\/div>\n\t\t\t\t<div class=\"elementor-element elementor-element-1cd1cc8 elementor-widget__width-auto elementor-widget-mobile__width-inherit align-left icon-default elementor-widget elementor-widget-mae-icon-text\" data-id=\"1cd1cc8\" data-element_type=\"widget\" data-settings=\"{&quot;_animation&quot;:&quot;none&quot;}\" data-widget_type=\"mae-icon-text.default\">\n\t\t\t\t<div class=\"elementor-widget-container\">\n\t\t\t\t\t\n\t\t<div class=\"master-icon-text\">\n\t        <div class=\"icon-wrap\">\n\t\t        <i aria-hidden=\"true\" class=\"ci ci-check-circle1\"><\/i>\t        <\/div> \n\n\t        <div class=\"content-wrap\">\n\t            Innenbereich\t        <\/div>\n\t    <\/div>\n\n\t    \t\t\t\t<\/div>\n\t\t\t\t<\/div>\n\t\t\t\t<div class=\"elementor-element elementor-element-0a1e7f9 elementor-widget__width-auto elementor-widget-mobile__width-inherit align-left icon-default elementor-widget elementor-widget-mae-icon-text\" data-id=\"0a1e7f9\" data-element_type=\"widget\" data-settings=\"{&quot;_animation&quot;:&quot;none&quot;}\" data-widget_type=\"mae-icon-text.default\">\n\t\t\t\t<div class=\"elementor-widget-container\">\n\t\t\t\t\t\n\t\t<div class=\"master-icon-text\">\n\t        <div class=\"icon-wrap\">\n\t\t        <i aria-hidden=\"true\" class=\"ci ci-check-circle1\"><\/i>\t        <\/div> \n\n\t        <div class=\"content-wrap\">\n\t            Au\u00dfenbereich\t        <\/div>\n\t    <\/div>\n\n\t    \t\t\t\t<\/div>\n\t\t\t\t<\/div>\n\t\t\t\t<div class=\"elementor-element elementor-element-49d530a elementor-widget elementor-widget-spacer\" data-id=\"49d530a\" data-element_type=\"widget\" data-widget_type=\"spacer.default\">\n\t\t\t\t<div class=\"elementor-widget-container\">\n\t\t\t\t\t\t\t<div class=\"elementor-spacer\">\n\t\t\t<div class=\"elementor-spacer-inner\"><\/div>\n\t\t<\/div>\n\t\t\t\t\t\t<\/div>\n\t\t\t\t<\/div>\n\t\t\t\t<div class=\"elementor-element elementor-element-916c998 elementor-widget elementor-widget-mae-button\" data-id=\"916c998\" data-element_type=\"widget\" data-widget_type=\"mae-button.default\">\n\t\t\t\t<div class=\"elementor-widget-container\">\n\t\t\t\t\t\n        <a class=\"master-button btn-accent icon-none medium\" href=\"https:\/\/maler-pllana.de\/index.php\/kontakt\/\" \n            >\n\n            <span class=\"inner\">\n                <span class=\"content-base\">\n                                        <span class=\"text\">Vereinbaren Sie einen Termin<\/span>\n                                    <\/span>\n\n                <span class=\"content-hover\">\n                                        <span class=\"text\">Vereinbaren Sie einen Termin<\/span>\n                                    <\/span>\n            <\/span>\n\n            <span class=\"bg-hover\"><\/span>        <\/a>\n\n        \t\t\t\t<\/div>\n\t\t\t\t<\/div>\n\t\t\t\t\t<\/div>\n\t\t<\/div>\n\t\t\t\t<div class=\"elementor-column elementor-col-50 elementor-inner-column elementor-element elementor-element-31e903d\" data-id=\"31e903d\" data-element_type=\"column\">\n\t\t\t<div class=\"elementor-widget-wrap elementor-element-populated\">\n\t\t\t\t\t\t<div class=\"elementor-element elementor-element-755d39a elementor-invisible elementor-widget elementor-widget-mae-fancy-image\" data-id=\"755d39a\" data-element_type=\"widget\" data-settings=\"{&quot;_animation&quot;:&quot;revealLeft&quot;,&quot;_animation_delay&quot;:300}\" data-widget_type=\"mae-fancy-image.default\">\n\t\t\t\t<div class=\"elementor-widget-container\">\n\t\t\t\t\t\t\t\t<div class=\"master-fancy-image\">\n\t\t\t\t<div class=\"image-wrap\">\n\t\t\t\t\t<img fetchpriority=\"high\" decoding=\"async\" width=\"570\" height=\"561\" src=\"https:\/\/maler-pllana.de\/wp-content\/uploads\/2024\/05\/3-1.png\" class=\"attachment-full size-full\" alt=\"\" srcset=\"https:\/\/maler-pllana.de\/wp-content\/uploads\/2024\/05\/3-1.png 570w, https:\/\/maler-pllana.de\/wp-content\/uploads\/2024\/05\/3-1-300x295.png 300w, https:\/\/maler-pllana.de\/wp-content\/uploads\/2024\/05\/3-1-60x60.png 60w\" sizes=\"(max-width: 570px) 100vw, 570px\" \/>\n\t\t\t\t\t\t\t\t\t<\/div>\n\t\t\t<\/div>\n\t\t\t\t\t\t<\/div>\n\t\t\t\t<\/div>\n\t\t\t\t\t<\/div>\n\t\t<\/div>\n\t\t\t\t\t<\/div>\n\t\t<\/section>\n\t\t\t\t<div class=\"elementor-element elementor-element-0e0953b elementor-widget elementor-widget-spacer\" data-id=\"0e0953b\" data-element_type=\"widget\" data-widget_type=\"spacer.default\">\n\t\t\t\t<div class=\"elementor-widget-container\">\n\t\t\t\t\t\t\t<div class=\"elementor-spacer\">\n\t\t\t<div class=\"elementor-spacer-inner\"><\/div>\n\t\t<\/div>\n\t\t\t\t\t\t<\/div>\n\t\t\t\t<\/div>\n\t\t\t\t\t<\/div>\n\t\t<\/div>\n\t\t\t\t\t<\/div>\n\t\t<\/section>\n\t\t\t\t<section class=\"elementor-section elementor-top-section elementor-element elementor-element-6077eb0 elementor-section-stretched elementor-section-boxed elementor-section-height-default elementor-section-height-default\" data-id=\"6077eb0\" data-element_type=\"section\" data-settings=\"{&quot;stretch_section&quot;:&quot;section-stretched&quot;,&quot;background_background&quot;:&quot;classic&quot;}\">\n\t\t\t\t\t\t<div class=\"elementor-container elementor-column-gap-default\">\n\t\t\t\t\t<div class=\"elementor-column elementor-col-100 elementor-top-column elementor-element elementor-element-48e1f0b\" data-id=\"48e1f0b\" data-element_type=\"column\">\n\t\t\t<div class=\"elementor-widget-wrap elementor-element-populated\">\n\t\t\t\t\t\t<div class=\"elementor-element elementor-element-6ed736f icon-default elementor-widget__width-auto elementor-absolute elementor-hidden-phone shake-hover elementor-invisible elementor-widget elementor-widget-mae-cta\" data-id=\"6ed736f\" data-element_type=\"widget\" data-settings=\"{&quot;_animation&quot;:&quot;fadeInUpSmall&quot;,&quot;_position&quot;:&quot;absolute&quot;}\" data-widget_type=\"mae-cta.default\">\n\t\t\t\t<div class=\"elementor-widget-container\">\n\t\t\t\t\t\n        <a class=\"master-cta\" href=\"tel:01703557573\">\n                        <span class=\"content-wrap\">\n                <span class=\"icon\"><i aria-hidden=\"true\" class=\"ci-phone-call\"><\/i><\/span>\n                <span class=\"texts\">\n                    <span class=\"text\">Ruf uns an<\/span>                    <span class=\"phone\">0170 3557573<\/span>                <\/span>\n            <\/span>\n        <\/a>\n\n        \t\t\t\t<\/div>\n\t\t\t\t<\/div>\n\t\t\t\t<div class=\"elementor-element elementor-element-5d6d86e elementor-widget elementor-widget-spacer\" data-id=\"5d6d86e\" data-element_type=\"widget\" data-widget_type=\"spacer.default\">\n\t\t\t\t<div class=\"elementor-widget-container\">\n\t\t\t\t\t\t\t<div class=\"elementor-spacer\">\n\t\t\t<div class=\"elementor-spacer-inner\"><\/div>\n\t\t<\/div>\n\t\t\t\t\t\t<\/div>\n\t\t\t\t<\/div>\n\t\t\t\t<div class=\"elementor-element elementor-element-9719110 elementor-widget elementor-widget-text-editor\" data-id=\"9719110\" data-element_type=\"widget\" data-widget_type=\"text-editor.default\">\n\t\t\t\t<div class=\"elementor-widget-container\">\n\t\t\t\t\t\t\t\t\t<p>Dein Partner f\u00fcr alle Lackarbeiten<\/p>\t\t\t\t\t\t\t\t<\/div>\n\t\t\t\t<\/div>\n\t\t\t\t<div class=\"elementor-element elementor-element-f5a4cdd elementor-widget elementor-widget-spacer\" data-id=\"f5a4cdd\" data-element_type=\"widget\" data-widget_type=\"spacer.default\">\n\t\t\t\t<div class=\"elementor-widget-container\">\n\t\t\t\t\t\t\t<div class=\"elementor-spacer\">\n\t\t\t<div class=\"elementor-spacer-inner\"><\/div>\n\t\t<\/div>\n\t\t\t\t\t\t<\/div>\n\t\t\t\t<\/div>\n\t\t\t\t\t<\/div>\n\t\t<\/div>\n\t\t\t\t\t<\/div>\n\t\t<\/section>\n\t\t\t\t<section class=\"elementor-section elementor-top-section elementor-element elementor-element-6895560 elementor-section-stretched elementor-section-boxed elementor-section-height-default elementor-section-height-default\" data-id=\"6895560\" data-element_type=\"section\" data-settings=\"{&quot;stretch_section&quot;:&quot;section-stretched&quot;,&quot;background_background&quot;:&quot;classic&quot;}\">\n\t\t\t\t\t\t<div class=\"elementor-container elementor-column-gap-no\">\n\t\t\t\t\t<div class=\"elementor-column elementor-col-100 elementor-top-column elementor-element elementor-element-018fc5e\" data-id=\"018fc5e\" data-element_type=\"column\">\n\t\t\t<div class=\"elementor-widget-wrap elementor-element-populated\">\n\t\t\t\t\t\t<div class=\"elementor-element elementor-element-64fa401 elementor-widget elementor-widget-spacer\" data-id=\"64fa401\" data-element_type=\"widget\" data-widget_type=\"spacer.default\">\n\t\t\t\t<div class=\"elementor-widget-container\">\n\t\t\t\t\t\t\t<div class=\"elementor-spacer\">\n\t\t\t<div class=\"elementor-spacer-inner\"><\/div>\n\t\t<\/div>\n\t\t\t\t\t\t<\/div>\n\t\t\t\t<\/div>\n\t\t\t\t<section class=\"elementor-section elementor-inner-section elementor-element elementor-element-5159a86 elementor-section-boxed elementor-section-height-default elementor-section-height-default\" data-id=\"5159a86\" data-element_type=\"section\">\n\t\t\t\t\t\t<div class=\"elementor-container elementor-column-gap-default\">\n\t\t\t\t\t<div class=\"elementor-column elementor-col-50 elementor-inner-column elementor-element elementor-element-0ae9127\" data-id=\"0ae9127\" data-element_type=\"column\">\n\t\t\t<div class=\"elementor-widget-wrap elementor-element-populated\">\n\t\t\t\t\t\t<div class=\"elementor-element elementor-element-e2c2797 elementor-invisible elementor-widget elementor-widget-mae-fancy-image\" data-id=\"e2c2797\" data-element_type=\"widget\" data-settings=\"{&quot;_animation&quot;:&quot;revealLeft&quot;,&quot;_animation_delay&quot;:300}\" data-widget_type=\"mae-fancy-image.default\">\n\t\t\t\t<div class=\"elementor-widget-container\">\n\t\t\t\t\t\t\t\t<div class=\"master-fancy-image\">\n\t\t\t\t<div class=\"image-wrap\">\n\t\t\t\t\t<img decoding=\"async\" width=\"570\" height=\"561\" src=\"https:\/\/maler-pllana.de\/wp-content\/uploads\/2024\/05\/4.png\" class=\"attachment-full size-full\" alt=\"\" srcset=\"https:\/\/maler-pllana.de\/wp-content\/uploads\/2024\/05\/4.png 570w, https:\/\/maler-pllana.de\/wp-content\/uploads\/2024\/05\/4-300x295.png 300w, https:\/\/maler-pllana.de\/wp-content\/uploads\/2024\/05\/4-60x60.png 60w\" sizes=\"(max-width: 570px) 100vw, 570px\" \/>\n\t\t\t\t\t\t\t\t\t<\/div>\n\t\t\t<\/div>\n\t\t\t\t\t\t<\/div>\n\t\t\t\t<\/div>\n\t\t\t\t\t<\/div>\n\t\t<\/div>\n\t\t\t\t<div class=\"elementor-column elementor-col-50 elementor-inner-column elementor-element elementor-element-fd7dd62\" data-id=\"fd7dd62\" data-element_type=\"column\">\n\t\t\t<div class=\"elementor-widget-wrap elementor-element-populated\">\n\t\t\t\t\t\t<div class=\"elementor-element elementor-element-e30793f elementor-widget elementor-widget-mae-headings\" data-id=\"e30793f\" data-element_type=\"widget\" data-widget_type=\"mae-headings.default\">\n\t\t\t\t<div class=\"elementor-widget-container\">\n\t\t\t\t\t\t\t<div class=\"master-heading sep-after\">\n\t\t\t\t        \t        \t<div class=\"pre-heading\">Was tun gegen Korrosion? <\/div>\n\t        \n\t        \n\t        \t        <h2 class=\"main-heading\">Korrosionsschutz<\/h2>\n\t        \n\t        <div class=\"sep\"><\/div>\n\t        \t    <\/div>\n\t    \t\t\t\t<\/div>\n\t\t\t\t<\/div>\n\t\t\t\t<div class=\"elementor-element elementor-element-a8f4776 elementor-widget elementor-widget-text-editor\" data-id=\"a8f4776\" data-element_type=\"widget\" data-widget_type=\"text-editor.default\">\n\t\t\t\t<div class=\"elementor-widget-container\">\n\t\t\t\t\t\t\t\t\t<p>Unsere Leistungen umfassen den <strong>zuverl\u00e4ssigen Schutz<\/strong> verschiedener Werkstoffe, Bauteile und Ausr\u00fcstungen vor Korrosion. Wir bieten <strong>ma\u00dfgeschneiderte L\u00f6sungen<\/strong> f\u00fcr T\u00fcren, Fenster, Gel\u00e4nder, Gitter und vieles mehr. Mit unserer professionellen Korrosionsschutz-Behandlung sorgen wir daf\u00fcr, dass Ihre Materialien langfristig vor Sch\u00e4den und Verfall gesch\u00fctzt sind. Vertrauen Sie auf <strong>unsere Expertise<\/strong> und lassen Sie uns daf\u00fcr sorgen, dass Ihre Oberfl\u00e4chen und Konstruktionen bestm\u00f6glich vor Korrosion gesch\u00fctzt sind.<\/p>\t\t\t\t\t\t\t\t<\/div>\n\t\t\t\t<\/div>\n\t\t\t\t<div class=\"elementor-element elementor-element-014b487 elementor-widget__width-auto elementor-widget-mobile__width-inherit align-left icon-default elementor-widget elementor-widget-mae-icon-text\" data-id=\"014b487\" data-element_type=\"widget\" data-settings=\"{&quot;_animation&quot;:&quot;none&quot;}\" data-widget_type=\"mae-icon-text.default\">\n\t\t\t\t<div class=\"elementor-widget-container\">\n\t\t\t\t\t\n\t\t<div class=\"master-icon-text\">\n\t        <div class=\"icon-wrap\">\n\t\t        <i aria-hidden=\"true\" class=\"ci ci-check-circle1\"><\/i>\t        <\/div> \n\n\t        <div class=\"content-wrap\">\n\t            zuverl\u00e4ssigen Schutz\t        <\/div>\n\t    <\/div>\n\n\t    \t\t\t\t<\/div>\n\t\t\t\t<\/div>\n\t\t\t\t<div class=\"elementor-element elementor-element-c23e7f1 elementor-widget__width-auto elementor-widget-mobile__width-inherit align-left icon-default elementor-widget elementor-widget-mae-icon-text\" data-id=\"c23e7f1\" data-element_type=\"widget\" data-settings=\"{&quot;_animation&quot;:&quot;none&quot;}\" data-widget_type=\"mae-icon-text.default\">\n\t\t\t\t<div class=\"elementor-widget-container\">\n\t\t\t\t\t\n\t\t<div class=\"master-icon-text\">\n\t        <div class=\"icon-wrap\">\n\t\t        <i aria-hidden=\"true\" class=\"ci ci-check-circle1\"><\/i>\t        <\/div> \n\n\t        <div class=\"content-wrap\">\n\t            langfristiger Schutz\t        <\/div>\n\t    <\/div>\n\n\t    \t\t\t\t<\/div>\n\t\t\t\t<\/div>\n\t\t\t\t<div class=\"elementor-element elementor-element-a0d08e7 elementor-widget elementor-widget-spacer\" data-id=\"a0d08e7\" data-element_type=\"widget\" data-widget_type=\"spacer.default\">\n\t\t\t\t<div class=\"elementor-widget-container\">\n\t\t\t\t\t\t\t<div class=\"elementor-spacer\">\n\t\t\t<div class=\"elementor-spacer-inner\"><\/div>\n\t\t<\/div>\n\t\t\t\t\t\t<\/div>\n\t\t\t\t<\/div>\n\t\t\t\t<div class=\"elementor-element elementor-element-2fc1e80 elementor-widget elementor-widget-mae-button\" data-id=\"2fc1e80\" data-element_type=\"widget\" data-widget_type=\"mae-button.default\">\n\t\t\t\t<div class=\"elementor-widget-container\">\n\t\t\t\t\t\n        <a class=\"master-button btn-accent icon-none medium\" href=\"https:\/\/maler-pllana.de\/index.php\/kontakt\/\" \n            >\n\n            <span class=\"inner\">\n                <span class=\"content-base\">\n                                        <span class=\"text\">Vereinbaren Sie einen Termin<\/span>\n                                    <\/span>\n\n                <span class=\"content-hover\">\n                                        <span class=\"text\">Vereinbaren Sie einen Termin<\/span>\n                                    <\/span>\n            <\/span>\n\n            <span class=\"bg-hover\"><\/span>        <\/a>\n\n        \t\t\t\t<\/div>\n\t\t\t\t<\/div>\n\t\t\t\t\t<\/div>\n\t\t<\/div>\n\t\t\t\t\t<\/div>\n\t\t<\/section>\n\t\t\t\t<div class=\"elementor-element elementor-element-8a62f39 elementor-widget elementor-widget-spacer\" data-id=\"8a62f39\" data-element_type=\"widget\" data-widget_type=\"spacer.default\">\n\t\t\t\t<div class=\"elementor-widget-container\">\n\t\t\t\t\t\t\t<div class=\"elementor-spacer\">\n\t\t\t<div class=\"elementor-spacer-inner\"><\/div>\n\t\t<\/div>\n\t\t\t\t\t\t<\/div>\n\t\t\t\t<\/div>\n\t\t\t\t\t<\/div>\n\t\t<\/div>\n\t\t\t\t\t<\/div>\n\t\t<\/section>\n\t\t\t\t<\/div>\n\t\t","protected":false},"excerpt":{"rendered":"<p>Auf welchem Material welche Lackierung? Lasur &#8211; &#038; Lacktechniken Unsere Lackierdienste umfassen eine Vielzahl von Oberfl\u00e4chen, die im Innen- und Au\u00dfenbereich lackiert werden k\u00f6nnen, darunter M\u00f6bel, T\u00fcren, Fenster, Gel\u00e4nder und Gitter. Unser erfahrenes Team k\u00fcmmert sich um die fachgerechte Vorbereitung und Lackierung, um sicherzustellen, dass Ihre Oberfl\u00e4chen langfristig gesch\u00fctzt und<\/p>\n","protected":false},"author":1,"featured_media":0,"parent":0,"menu_order":0,"comment_status":"closed","ping_status":"closed","template":"","meta":{"om_disable_all_campaigns":false,"_monsterinsights_skip_tracking":false,"_monsterinsights_sitenote_active":false,"_monsterinsights_sitenote_note":"","_monsterinsights_sitenote_category":0,"footnotes":""},"class_list":["post-9195","page","type-page","status-publish","hentry"],"aioseo_notices":[],"_links":{"self":[{"href":"https:\/\/maler-pllana.de\/index.php\/wp-json\/wp\/v2\/pages\/9195","targetHints":{"allow":["GET"]}}],"collection":[{"href":"https:\/\/maler-pllana.de\/index.php\/wp-json\/wp\/v2\/pages"}],"about":[{"href":"https:\/\/maler-pllana.de\/index.php\/wp-json\/wp\/v2\/types\/page"}],"author":[{"embeddable":true,"href":"https:\/\/maler-pllana.de\/index.php\/wp-json\/wp\/v2\/users\/1"}],"replies":[{"embeddable":true,"href":"https:\/\/maler-pllana.de\/index.php\/wp-json\/wp\/v2\/comments?post=9195"}],"version-history":[{"count":49,"href":"https:\/\/maler-pllana.de\/index.php\/wp-json\/wp\/v2\/pages\/9195\/revisions"}],"predecessor-version":[{"id":9567,"href":"https:\/\/maler-pllana.de\/index.php\/wp-json\/wp\/v2\/pages\/9195\/revisions\/9567"}],"wp:attachment":[{"href":"https:\/\/maler-pllana.de\/index.php\/wp-json\/wp\/v2\/media?parent=9195"}],"curies":[{"name":"wp","href":"https:\/\/api.w.org\/{rel}","templated":true}]}}