{"id":9190,"date":"2024-05-22T12:29:37","date_gmt":"2024-05-22T12:29:37","guid":{"rendered":"https:\/\/maler-pllana.de\/?page_id=9190"},"modified":"2024-05-24T19:12:36","modified_gmt":"2024-05-24T19:12:36","slug":"ausenarbeiten","status":"publish","type":"page","link":"https:\/\/maler-pllana.de\/index.php\/ausenarbeiten\/","title":{"rendered":"Au\u00dfenarbeiten"},"content":{"rendered":"\t\t<div data-elementor-type=\"wp-page\" data-elementor-id=\"9190\" class=\"elementor elementor-9190\">\n\t\t\t\t\t\t<section class=\"elementor-section elementor-top-section elementor-element elementor-element-354a1fc elementor-section-stretched elementor-section-boxed elementor-section-height-default elementor-section-height-default\" data-id=\"354a1fc\" data-element_type=\"section\" data-settings=\"{&quot;stretch_section&quot;:&quot;section-stretched&quot;,&quot;background_background&quot;:&quot;classic&quot;}\">\n\t\t\t\t\t\t<div class=\"elementor-container elementor-column-gap-no\">\n\t\t\t\t\t<div class=\"elementor-column elementor-col-100 elementor-top-column elementor-element elementor-element-dbbceeb\" data-id=\"dbbceeb\" data-element_type=\"column\">\n\t\t\t<div class=\"elementor-widget-wrap elementor-element-populated\">\n\t\t\t\t\t\t<div class=\"elementor-element elementor-element-e7aad61 elementor-widget elementor-widget-spacer\" data-id=\"e7aad61\" data-element_type=\"widget\" data-widget_type=\"spacer.default\">\n\t\t\t\t<div class=\"elementor-widget-container\">\n\t\t\t\t\t\t\t<div class=\"elementor-spacer\">\n\t\t\t<div class=\"elementor-spacer-inner\"><\/div>\n\t\t<\/div>\n\t\t\t\t\t\t<\/div>\n\t\t\t\t<\/div>\n\t\t\t\t<section class=\"elementor-section elementor-inner-section elementor-element elementor-element-7038e09 elementor-section-boxed elementor-section-height-default elementor-section-height-default\" data-id=\"7038e09\" data-element_type=\"section\">\n\t\t\t\t\t\t<div class=\"elementor-container elementor-column-gap-default\">\n\t\t\t\t\t<div class=\"elementor-column elementor-col-50 elementor-inner-column elementor-element elementor-element-d984209\" data-id=\"d984209\" data-element_type=\"column\">\n\t\t\t<div class=\"elementor-widget-wrap elementor-element-populated\">\n\t\t\t\t\t\t<div class=\"elementor-element elementor-element-baf8702 elementor-widget elementor-widget-mae-headings\" data-id=\"baf8702\" data-element_type=\"widget\" data-widget_type=\"mae-headings.default\">\n\t\t\t\t<div class=\"elementor-widget-container\">\n\t\t\t\t\t\t\t<div class=\"master-heading sep-after\">\n\t\t\t\t        \t        \t<div class=\"pre-heading\">Welche Au\u00dfenfassade ist am besten geeignet?<\/div>\n\t        \n\t        \n\t        \t        <h2 class=\"main-heading\">Fassadengestaltung<\/h2>\n\t        \n\t        <div class=\"sep\"><\/div>\n\t        \t    <\/div>\n\t    \t\t\t\t<\/div>\n\t\t\t\t<\/div>\n\t\t\t\t<div class=\"elementor-element elementor-element-35eb1ca elementor-widget elementor-widget-text-editor\" data-id=\"35eb1ca\" data-element_type=\"widget\" data-widget_type=\"text-editor.default\">\n\t\t\t\t<div class=\"elementor-widget-container\">\n\t\t\t\t\t\t\t\t\t<p>Unser Angebot umfasst die fachgerechte Behandlung und Renovierung der Au\u00dfenfassade Ihres Hauses, wodurch nicht nur die \u00e4sthetische Erscheinung verbessert wird, sondern auch <strong>langfristiger Schutz<\/strong> vor <strong>Witterungseinfl\u00fcssen<\/strong> gew\u00e4hrt wird. Wir bieten sowohl Putz- als auch Streicharbeiten, um sicherzustellen, dass Ihre Au\u00dfenfassade optimal gesch\u00fctzt und ansprechend gestaltet ist. Vertrauen Sie auf unsere Kompetenz, um die <strong>Langlebigkeit<\/strong> und <strong>Optik<\/strong> Ihrer Immobilie zu verbessern.<\/p>\t\t\t\t\t\t\t\t<\/div>\n\t\t\t\t<\/div>\n\t\t\t\t<div class=\"elementor-element elementor-element-efb97f2 elementor-widget__width-auto elementor-widget-mobile__width-inherit align-left icon-default elementor-widget elementor-widget-mae-icon-text\" data-id=\"efb97f2\" data-element_type=\"widget\" data-settings=\"{&quot;_animation&quot;:&quot;none&quot;}\" data-widget_type=\"mae-icon-text.default\">\n\t\t\t\t<div class=\"elementor-widget-container\">\n\t\t\t\t\t\n\t\t<div class=\"master-icon-text\">\n\t        <div class=\"icon-wrap\">\n\t\t        <i aria-hidden=\"true\" class=\"ci ci-check-circle1\"><\/i>\t        <\/div> \n\n\t        <div class=\"content-wrap\">\n\t            langfristiger Schutz\t        <\/div>\n\t    <\/div>\n\n\t    \t\t\t\t<\/div>\n\t\t\t\t<\/div>\n\t\t\t\t<div class=\"elementor-element elementor-element-8d80d20 elementor-widget__width-auto elementor-widget-mobile__width-inherit align-left icon-default elementor-widget elementor-widget-mae-icon-text\" data-id=\"8d80d20\" data-element_type=\"widget\" data-settings=\"{&quot;_animation&quot;:&quot;none&quot;}\" data-widget_type=\"mae-icon-text.default\">\n\t\t\t\t<div class=\"elementor-widget-container\">\n\t\t\t\t\t\n\t\t<div class=\"master-icon-text\">\n\t        <div class=\"icon-wrap\">\n\t\t        <i aria-hidden=\"true\" class=\"ci ci-check-circle1\"><\/i>\t        <\/div> \n\n\t        <div class=\"content-wrap\">\n\t            fachgerechte Behandlung\t        <\/div>\n\t    <\/div>\n\n\t    \t\t\t\t<\/div>\n\t\t\t\t<\/div>\n\t\t\t\t<div class=\"elementor-element elementor-element-42c5713 elementor-widget elementor-widget-spacer\" data-id=\"42c5713\" data-element_type=\"widget\" data-widget_type=\"spacer.default\">\n\t\t\t\t<div class=\"elementor-widget-container\">\n\t\t\t\t\t\t\t<div class=\"elementor-spacer\">\n\t\t\t<div class=\"elementor-spacer-inner\"><\/div>\n\t\t<\/div>\n\t\t\t\t\t\t<\/div>\n\t\t\t\t<\/div>\n\t\t\t\t<div class=\"elementor-element elementor-element-e387b7e elementor-widget elementor-widget-mae-button\" data-id=\"e387b7e\" data-element_type=\"widget\" data-widget_type=\"mae-button.default\">\n\t\t\t\t<div class=\"elementor-widget-container\">\n\t\t\t\t\t\n        <a class=\"master-button btn-accent icon-none medium\" href=\"https:\/\/maler-pllana.de\/index.php\/kontakt\/\" \n            >\n\n            <span class=\"inner\">\n                <span class=\"content-base\">\n                                        <span class=\"text\">Vereinbaren Sie einen Termin<\/span>\n                                    <\/span>\n\n                <span class=\"content-hover\">\n                                        <span class=\"text\">Vereinbaren Sie einen Termin<\/span>\n                                    <\/span>\n            <\/span>\n\n            <span class=\"bg-hover\"><\/span>        <\/a>\n\n        \t\t\t\t<\/div>\n\t\t\t\t<\/div>\n\t\t\t\t\t<\/div>\n\t\t<\/div>\n\t\t\t\t<div class=\"elementor-column elementor-col-50 elementor-inner-column elementor-element elementor-element-6c09b39\" data-id=\"6c09b39\" data-element_type=\"column\">\n\t\t\t<div class=\"elementor-widget-wrap elementor-element-populated\">\n\t\t\t\t\t\t<div class=\"elementor-element elementor-element-32c1957 elementor-invisible elementor-widget elementor-widget-mae-fancy-image\" data-id=\"32c1957\" data-element_type=\"widget\" data-settings=\"{&quot;_animation&quot;:&quot;revealLeft&quot;,&quot;_animation_delay&quot;:300}\" data-widget_type=\"mae-fancy-image.default\">\n\t\t\t\t<div class=\"elementor-widget-container\">\n\t\t\t\t\t\t\t\t<div class=\"master-fancy-image\">\n\t\t\t\t<div class=\"image-wrap\">\n\t\t\t\t\t<img fetchpriority=\"high\" decoding=\"async\" width=\"570\" height=\"561\" src=\"https:\/\/maler-pllana.de\/wp-content\/uploads\/2024\/05\/5.png\" class=\"attachment-full size-full\" alt=\"\" srcset=\"https:\/\/maler-pllana.de\/wp-content\/uploads\/2024\/05\/5.png 570w, https:\/\/maler-pllana.de\/wp-content\/uploads\/2024\/05\/5-300x295.png 300w, https:\/\/maler-pllana.de\/wp-content\/uploads\/2024\/05\/5-60x60.png 60w\" sizes=\"(max-width: 570px) 100vw, 570px\" \/>\n\t\t\t\t\t\t\t\t\t<\/div>\n\t\t\t<\/div>\n\t\t\t\t\t\t<\/div>\n\t\t\t\t<\/div>\n\t\t\t\t\t<\/div>\n\t\t<\/div>\n\t\t\t\t\t<\/div>\n\t\t<\/section>\n\t\t\t\t<div class=\"elementor-element elementor-element-5f89ea0 elementor-widget elementor-widget-spacer\" data-id=\"5f89ea0\" data-element_type=\"widget\" data-widget_type=\"spacer.default\">\n\t\t\t\t<div class=\"elementor-widget-container\">\n\t\t\t\t\t\t\t<div class=\"elementor-spacer\">\n\t\t\t<div class=\"elementor-spacer-inner\"><\/div>\n\t\t<\/div>\n\t\t\t\t\t\t<\/div>\n\t\t\t\t<\/div>\n\t\t\t\t\t<\/div>\n\t\t<\/div>\n\t\t\t\t\t<\/div>\n\t\t<\/section>\n\t\t\t\t<section class=\"elementor-section elementor-top-section elementor-element elementor-element-3827bb8 elementor-section-stretched elementor-section-boxed elementor-section-height-default elementor-section-height-default\" data-id=\"3827bb8\" data-element_type=\"section\" data-settings=\"{&quot;stretch_section&quot;:&quot;section-stretched&quot;,&quot;background_background&quot;:&quot;classic&quot;}\">\n\t\t\t\t\t\t<div class=\"elementor-container elementor-column-gap-default\">\n\t\t\t\t\t<div class=\"elementor-column elementor-col-100 elementor-top-column elementor-element elementor-element-6fac4e2\" data-id=\"6fac4e2\" data-element_type=\"column\">\n\t\t\t<div class=\"elementor-widget-wrap elementor-element-populated\">\n\t\t\t\t\t\t<div class=\"elementor-element elementor-element-bfb257d elementor-widget elementor-widget-spacer\" data-id=\"bfb257d\" data-element_type=\"widget\" data-widget_type=\"spacer.default\">\n\t\t\t\t<div class=\"elementor-widget-container\">\n\t\t\t\t\t\t\t<div class=\"elementor-spacer\">\n\t\t\t<div class=\"elementor-spacer-inner\"><\/div>\n\t\t<\/div>\n\t\t\t\t\t\t<\/div>\n\t\t\t\t<\/div>\n\t\t\t\t<div class=\"elementor-element elementor-element-6e2fcd7 elementor-widget elementor-widget-text-editor\" data-id=\"6e2fcd7\" data-element_type=\"widget\" data-widget_type=\"text-editor.default\">\n\t\t\t\t<div class=\"elementor-widget-container\">\n\t\t\t\t\t\t\t\t\t<p>Dein Partner f\u00fcr alle Au\u00dfenarbeiten<\/p>\t\t\t\t\t\t\t\t<\/div>\n\t\t\t\t<\/div>\n\t\t\t\t<div class=\"elementor-element elementor-element-2177ecb icon-default elementor-widget__width-auto elementor-absolute elementor-hidden-phone shake-hover elementor-invisible elementor-widget elementor-widget-mae-cta\" data-id=\"2177ecb\" data-element_type=\"widget\" data-settings=\"{&quot;_animation&quot;:&quot;fadeInUpSmall&quot;,&quot;_position&quot;:&quot;absolute&quot;}\" data-widget_type=\"mae-cta.default\">\n\t\t\t\t<div class=\"elementor-widget-container\">\n\t\t\t\t\t\n        <a class=\"master-cta\" href=\"tel:01703557573\">\n                        <span class=\"content-wrap\">\n                <span class=\"icon\"><i aria-hidden=\"true\" class=\"ci-phone-call\"><\/i><\/span>\n                <span class=\"texts\">\n                    <span class=\"text\">Ruf uns an<\/span>                    <span class=\"phone\">0170 3557573<\/span>                <\/span>\n            <\/span>\n        <\/a>\n\n        \t\t\t\t<\/div>\n\t\t\t\t<\/div>\n\t\t\t\t<div class=\"elementor-element elementor-element-addcfca elementor-widget elementor-widget-spacer\" data-id=\"addcfca\" data-element_type=\"widget\" data-widget_type=\"spacer.default\">\n\t\t\t\t<div class=\"elementor-widget-container\">\n\t\t\t\t\t\t\t<div class=\"elementor-spacer\">\n\t\t\t<div class=\"elementor-spacer-inner\"><\/div>\n\t\t<\/div>\n\t\t\t\t\t\t<\/div>\n\t\t\t\t<\/div>\n\t\t\t\t\t<\/div>\n\t\t<\/div>\n\t\t\t\t\t<\/div>\n\t\t<\/section>\n\t\t\t\t<section class=\"elementor-section elementor-top-section elementor-element elementor-element-57a252b elementor-section-stretched elementor-section-boxed elementor-section-height-default elementor-section-height-default\" data-id=\"57a252b\" data-element_type=\"section\" data-settings=\"{&quot;stretch_section&quot;:&quot;section-stretched&quot;,&quot;background_background&quot;:&quot;classic&quot;}\">\n\t\t\t\t\t\t<div class=\"elementor-container elementor-column-gap-no\">\n\t\t\t\t\t<div class=\"elementor-column elementor-col-100 elementor-top-column elementor-element elementor-element-81b3957\" data-id=\"81b3957\" data-element_type=\"column\">\n\t\t\t<div class=\"elementor-widget-wrap elementor-element-populated\">\n\t\t\t\t\t\t<div class=\"elementor-element elementor-element-27af5be elementor-widget elementor-widget-spacer\" data-id=\"27af5be\" data-element_type=\"widget\" data-widget_type=\"spacer.default\">\n\t\t\t\t<div class=\"elementor-widget-container\">\n\t\t\t\t\t\t\t<div class=\"elementor-spacer\">\n\t\t\t<div class=\"elementor-spacer-inner\"><\/div>\n\t\t<\/div>\n\t\t\t\t\t\t<\/div>\n\t\t\t\t<\/div>\n\t\t\t\t<section class=\"elementor-section elementor-inner-section elementor-element elementor-element-1693af6 elementor-section-boxed elementor-section-height-default elementor-section-height-default\" data-id=\"1693af6\" data-element_type=\"section\">\n\t\t\t\t\t\t<div class=\"elementor-container elementor-column-gap-default\">\n\t\t\t\t\t<div class=\"elementor-column elementor-col-50 elementor-inner-column elementor-element elementor-element-0782da6\" data-id=\"0782da6\" data-element_type=\"column\">\n\t\t\t<div class=\"elementor-widget-wrap elementor-element-populated\">\n\t\t\t\t\t\t<div class=\"elementor-element elementor-element-9239030 elementor-invisible elementor-widget elementor-widget-mae-fancy-image\" data-id=\"9239030\" data-element_type=\"widget\" data-settings=\"{&quot;_animation&quot;:&quot;revealLeft&quot;,&quot;_animation_delay&quot;:300}\" data-widget_type=\"mae-fancy-image.default\">\n\t\t\t\t<div class=\"elementor-widget-container\">\n\t\t\t\t\t\t\t\t<div class=\"master-fancy-image\">\n\t\t\t\t<div class=\"image-wrap\">\n\t\t\t\t\t<img decoding=\"async\" width=\"570\" height=\"561\" src=\"https:\/\/maler-pllana.de\/wp-content\/uploads\/2024\/05\/6.png\" class=\"attachment-full size-full\" alt=\"\" srcset=\"https:\/\/maler-pllana.de\/wp-content\/uploads\/2024\/05\/6.png 570w, https:\/\/maler-pllana.de\/wp-content\/uploads\/2024\/05\/6-300x295.png 300w, https:\/\/maler-pllana.de\/wp-content\/uploads\/2024\/05\/6-60x60.png 60w\" sizes=\"(max-width: 570px) 100vw, 570px\" \/>\n\t\t\t\t\t\t\t\t\t<\/div>\n\t\t\t<\/div>\n\t\t\t\t\t\t<\/div>\n\t\t\t\t<\/div>\n\t\t\t\t\t<\/div>\n\t\t<\/div>\n\t\t\t\t<div class=\"elementor-column elementor-col-50 elementor-inner-column elementor-element elementor-element-5a58df9\" data-id=\"5a58df9\" data-element_type=\"column\">\n\t\t\t<div class=\"elementor-widget-wrap elementor-element-populated\">\n\t\t\t\t\t\t<div class=\"elementor-element elementor-element-d292fe3 elementor-widget elementor-widget-mae-headings\" data-id=\"d292fe3\" data-element_type=\"widget\" data-widget_type=\"mae-headings.default\">\n\t\t\t\t<div class=\"elementor-widget-container\">\n\t\t\t\t\t\t\t<div class=\"master-heading sep-after\">\n\t\t\t\t        \t        \t<div class=\"pre-heading\">Welche Tapete ist am besten geeignet?<\/div>\n\t        \n\t        \n\t        \t        <h2 class=\"main-heading\">Putzsanierung<\/h2>\n\t        \n\t        <div class=\"sep\"><\/div>\n\t        \t    <\/div>\n\t    \t\t\t\t<\/div>\n\t\t\t\t<\/div>\n\t\t\t\t<div class=\"elementor-element elementor-element-a34e4e5 elementor-widget elementor-widget-text-editor\" data-id=\"a34e4e5\" data-element_type=\"widget\" data-widget_type=\"text-editor.default\">\n\t\t\t\t<div class=\"elementor-widget-container\">\n\t\t\t\t\t\t\t\t\t<p>Unser Leistungsangebot umfasst die fachgerechte und nachhaltige Sanierung des alten Putzes. Wir unterst\u00fctzen Sie dabei von der Beratung \u00fcber die <strong>Materialauswahl<\/strong> bis hin zur Umsetzung der <strong>hochwertigen<\/strong> <strong>Sanierputzsysteme<\/strong>. Vertrauen Sie auf unsere Expertise, um Ihren Putz professionell und langfristig instand zu setzen.<\/p>\t\t\t\t\t\t\t\t<\/div>\n\t\t\t\t<\/div>\n\t\t\t\t<div class=\"elementor-element elementor-element-13fc124 elementor-widget__width-auto elementor-widget-mobile__width-inherit align-left icon-default elementor-widget elementor-widget-mae-icon-text\" data-id=\"13fc124\" data-element_type=\"widget\" data-settings=\"{&quot;_animation&quot;:&quot;none&quot;}\" data-widget_type=\"mae-icon-text.default\">\n\t\t\t\t<div class=\"elementor-widget-container\">\n\t\t\t\t\t\n\t\t<div class=\"master-icon-text\">\n\t        <div class=\"icon-wrap\">\n\t\t        <i aria-hidden=\"true\" class=\"ci ci-check-circle1\"><\/i>\t        <\/div> \n\n\t        <div class=\"content-wrap\">\n\t            nachhaltige Sanierung\t        <\/div>\n\t    <\/div>\n\n\t    \t\t\t\t<\/div>\n\t\t\t\t<\/div>\n\t\t\t\t<div class=\"elementor-element elementor-element-0d2cec4 elementor-widget__width-auto elementor-widget-mobile__width-inherit align-left icon-default elementor-widget elementor-widget-mae-icon-text\" data-id=\"0d2cec4\" data-element_type=\"widget\" data-settings=\"{&quot;_animation&quot;:&quot;none&quot;}\" data-widget_type=\"mae-icon-text.default\">\n\t\t\t\t<div class=\"elementor-widget-container\">\n\t\t\t\t\t\n\t\t<div class=\"master-icon-text\">\n\t        <div class=\"icon-wrap\">\n\t\t        <i aria-hidden=\"true\" class=\"ci ci-check-circle1\"><\/i>\t        <\/div> \n\n\t        <div class=\"content-wrap\">\n\t            Sanierputzsysteme\t        <\/div>\n\t    <\/div>\n\n\t    \t\t\t\t<\/div>\n\t\t\t\t<\/div>\n\t\t\t\t<div class=\"elementor-element elementor-element-99043ad elementor-widget elementor-widget-spacer\" data-id=\"99043ad\" data-element_type=\"widget\" data-widget_type=\"spacer.default\">\n\t\t\t\t<div class=\"elementor-widget-container\">\n\t\t\t\t\t\t\t<div class=\"elementor-spacer\">\n\t\t\t<div class=\"elementor-spacer-inner\"><\/div>\n\t\t<\/div>\n\t\t\t\t\t\t<\/div>\n\t\t\t\t<\/div>\n\t\t\t\t<div class=\"elementor-element elementor-element-2869c03 elementor-widget elementor-widget-mae-button\" data-id=\"2869c03\" data-element_type=\"widget\" data-widget_type=\"mae-button.default\">\n\t\t\t\t<div class=\"elementor-widget-container\">\n\t\t\t\t\t\n        <a class=\"master-button btn-accent icon-none medium\" href=\"https:\/\/maler-pllana.de\/index.php\/kontakt\/\" \n            >\n\n            <span class=\"inner\">\n                <span class=\"content-base\">\n                                        <span class=\"text\">Vereinbaren Sie einen Termin<\/span>\n                                    <\/span>\n\n                <span class=\"content-hover\">\n                                        <span class=\"text\">Vereinbaren Sie einen Termin<\/span>\n                                    <\/span>\n            <\/span>\n\n            <span class=\"bg-hover\"><\/span>        <\/a>\n\n        \t\t\t\t<\/div>\n\t\t\t\t<\/div>\n\t\t\t\t\t<\/div>\n\t\t<\/div>\n\t\t\t\t\t<\/div>\n\t\t<\/section>\n\t\t\t\t<div class=\"elementor-element elementor-element-e82ea17 elementor-widget elementor-widget-spacer\" data-id=\"e82ea17\" data-element_type=\"widget\" data-widget_type=\"spacer.default\">\n\t\t\t\t<div class=\"elementor-widget-container\">\n\t\t\t\t\t\t\t<div class=\"elementor-spacer\">\n\t\t\t<div class=\"elementor-spacer-inner\"><\/div>\n\t\t<\/div>\n\t\t\t\t\t\t<\/div>\n\t\t\t\t<\/div>\n\t\t\t\t\t<\/div>\n\t\t<\/div>\n\t\t\t\t\t<\/div>\n\t\t<\/section>\n\t\t\t\t<\/div>\n\t\t","protected":false},"excerpt":{"rendered":"<p>Welche Au\u00dfenfassade ist am besten geeignet? Fassadengestaltung Unser Angebot umfasst die fachgerechte Behandlung und Renovierung der Au\u00dfenfassade Ihres Hauses, wodurch nicht nur die \u00e4sthetische Erscheinung verbessert wird, sondern auch langfristiger Schutz vor Witterungseinfl\u00fcssen gew\u00e4hrt wird. Wir bieten sowohl Putz- als auch Streicharbeiten, um sicherzustellen, dass Ihre Au\u00dfenfassade optimal gesch\u00fctzt und<\/p>\n","protected":false},"author":1,"featured_media":0,"parent":0,"menu_order":0,"comment_status":"closed","ping_status":"closed","template":"","meta":{"om_disable_all_campaigns":false,"_monsterinsights_skip_tracking":false,"_monsterinsights_sitenote_active":false,"_monsterinsights_sitenote_note":"","_monsterinsights_sitenote_category":0,"footnotes":""},"class_list":["post-9190","page","type-page","status-publish","hentry"],"aioseo_notices":[],"_links":{"self":[{"href":"https:\/\/maler-pllana.de\/index.php\/wp-json\/wp\/v2\/pages\/9190","targetHints":{"allow":["GET"]}}],"collection":[{"href":"https:\/\/maler-pllana.de\/index.php\/wp-json\/wp\/v2\/pages"}],"about":[{"href":"https:\/\/maler-pllana.de\/index.php\/wp-json\/wp\/v2\/types\/page"}],"author":[{"embeddable":true,"href":"https:\/\/maler-pllana.de\/index.php\/wp-json\/wp\/v2\/users\/1"}],"replies":[{"embeddable":true,"href":"https:\/\/maler-pllana.de\/index.php\/wp-json\/wp\/v2\/comments?post=9190"}],"version-history":[{"count":64,"href":"https:\/\/maler-pllana.de\/index.php\/wp-json\/wp\/v2\/pages\/9190\/revisions"}],"predecessor-version":[{"id":9561,"href":"https:\/\/maler-pllana.de\/index.php\/wp-json\/wp\/v2\/pages\/9190\/revisions\/9561"}],"wp:attachment":[{"href":"https:\/\/maler-pllana.de\/index.php\/wp-json\/wp\/v2\/media?parent=9190"}],"curies":[{"name":"wp","href":"https:\/\/api.w.org\/{rel}","templated":true}]}}