{"id":9173,"date":"2024-05-21T19:50:05","date_gmt":"2024-05-21T19:50:05","guid":{"rendered":"https:\/\/maler-pllana.de\/?page_id=9173"},"modified":"2024-05-24T19:13:26","modified_gmt":"2024-05-24T19:13:26","slug":"innenarbeiten","status":"publish","type":"page","link":"https:\/\/maler-pllana.de\/index.php\/innenarbeiten\/","title":{"rendered":"Innenarbeiten"},"content":{"rendered":"\t\t<div data-elementor-type=\"wp-page\" data-elementor-id=\"9173\" class=\"elementor elementor-9173\">\n\t\t\t\t\t\t<section class=\"elementor-section elementor-top-section elementor-element elementor-element-f5dda2d elementor-section-stretched elementor-section-boxed elementor-section-height-default elementor-section-height-default\" data-id=\"f5dda2d\" data-element_type=\"section\" data-settings=\"{&quot;stretch_section&quot;:&quot;section-stretched&quot;,&quot;background_background&quot;:&quot;classic&quot;}\">\n\t\t\t\t\t\t<div class=\"elementor-container elementor-column-gap-no\">\n\t\t\t\t\t<div class=\"elementor-column elementor-col-100 elementor-top-column elementor-element elementor-element-3141d14\" data-id=\"3141d14\" data-element_type=\"column\">\n\t\t\t<div class=\"elementor-widget-wrap elementor-element-populated\">\n\t\t\t\t\t\t<div class=\"elementor-element elementor-element-ed849a5 elementor-widget elementor-widget-spacer\" data-id=\"ed849a5\" data-element_type=\"widget\" data-widget_type=\"spacer.default\">\n\t\t\t\t<div class=\"elementor-widget-container\">\n\t\t\t\t\t\t\t<div class=\"elementor-spacer\">\n\t\t\t<div class=\"elementor-spacer-inner\"><\/div>\n\t\t<\/div>\n\t\t\t\t\t\t<\/div>\n\t\t\t\t<\/div>\n\t\t\t\t<section class=\"elementor-section elementor-inner-section elementor-element elementor-element-830a68b elementor-section-boxed elementor-section-height-default elementor-section-height-default\" data-id=\"830a68b\" data-element_type=\"section\">\n\t\t\t\t\t\t<div class=\"elementor-container elementor-column-gap-default\">\n\t\t\t\t\t<div class=\"elementor-column elementor-col-50 elementor-inner-column elementor-element elementor-element-2555f3a\" data-id=\"2555f3a\" data-element_type=\"column\">\n\t\t\t<div class=\"elementor-widget-wrap elementor-element-populated\">\n\t\t\t\t\t\t<div class=\"elementor-element elementor-element-b1243a7 elementor-widget elementor-widget-mae-headings\" data-id=\"b1243a7\" data-element_type=\"widget\" data-widget_type=\"mae-headings.default\">\n\t\t\t\t<div class=\"elementor-widget-container\">\n\t\t\t\t\t\t\t<div class=\"master-heading sep-after\">\n\t\t\t\t        \t        \t<div class=\"pre-heading\">Auf welchen Untergrund welche Farbe?<\/div>\n\t        \n\t        \n\t        \t        <h2 class=\"main-heading\">Innenanstriche<\/h2>\n\t        \n\t        <div class=\"sep\"><\/div>\n\t        \t    <\/div>\n\t    \t\t\t\t<\/div>\n\t\t\t\t<\/div>\n\t\t\t\t<div class=\"elementor-element elementor-element-75b6264 elementor-widget elementor-widget-text-editor\" data-id=\"75b6264\" data-element_type=\"widget\" data-widget_type=\"text-editor.default\">\n\t\t\t\t<div class=\"elementor-widget-container\">\n\t\t\t\t\t\t\t\t\t<p>Bei unseren Innenanstrichen legen wir besonderen Wert auf <strong>hochwertige Wandfarben<\/strong> und<strong> \u00f6kologische Produkte<\/strong>. Unsere Experten beraten Sie gerne, welche Farben sich am besten f\u00fcr Ihre Innenw\u00e4nde eignen, abgestimmt auf den jeweiligen Untergrund. Von nat\u00fcrlichen Wandfarben f\u00fcr ein gesundes Raumklima bis hin zu umweltfreundlichen Farben bieten wir Ihnen eine <strong>Vielzahl an Optionen<\/strong>, um Ihre R\u00e4ume sowohl optisch ansprechend als auch umweltschonend zu gestalten.<\/p>\t\t\t\t\t\t\t\t<\/div>\n\t\t\t\t<\/div>\n\t\t\t\t<div class=\"elementor-element elementor-element-939723a elementor-widget__width-auto elementor-widget-mobile__width-inherit align-left icon-default elementor-widget elementor-widget-mae-icon-text\" data-id=\"939723a\" data-element_type=\"widget\" data-settings=\"{&quot;_animation&quot;:&quot;none&quot;}\" data-widget_type=\"mae-icon-text.default\">\n\t\t\t\t<div class=\"elementor-widget-container\">\n\t\t\t\t\t\n\t\t<div class=\"master-icon-text\">\n\t        <div class=\"icon-wrap\">\n\t\t        <i aria-hidden=\"true\" class=\"ci ci-check-circle1\"><\/i>\t        <\/div> \n\n\t        <div class=\"content-wrap\">\n\t            \u00f6kologische Produkte\t        <\/div>\n\t    <\/div>\n\n\t    \t\t\t\t<\/div>\n\t\t\t\t<\/div>\n\t\t\t\t<div class=\"elementor-element elementor-element-da93c53 elementor-widget__width-auto elementor-widget-mobile__width-inherit align-left icon-default elementor-widget elementor-widget-mae-icon-text\" data-id=\"da93c53\" data-element_type=\"widget\" data-settings=\"{&quot;_animation&quot;:&quot;none&quot;}\" data-widget_type=\"mae-icon-text.default\">\n\t\t\t\t<div class=\"elementor-widget-container\">\n\t\t\t\t\t\n\t\t<div class=\"master-icon-text\">\n\t        <div class=\"icon-wrap\">\n\t\t        <i aria-hidden=\"true\" class=\"ci ci-check-circle1\"><\/i>\t        <\/div> \n\n\t        <div class=\"content-wrap\">\n\t            hochwertige Wandfarben\t        <\/div>\n\t    <\/div>\n\n\t    \t\t\t\t<\/div>\n\t\t\t\t<\/div>\n\t\t\t\t<div class=\"elementor-element elementor-element-31b64e3 elementor-widget elementor-widget-spacer\" data-id=\"31b64e3\" data-element_type=\"widget\" data-widget_type=\"spacer.default\">\n\t\t\t\t<div class=\"elementor-widget-container\">\n\t\t\t\t\t\t\t<div class=\"elementor-spacer\">\n\t\t\t<div class=\"elementor-spacer-inner\"><\/div>\n\t\t<\/div>\n\t\t\t\t\t\t<\/div>\n\t\t\t\t<\/div>\n\t\t\t\t<div class=\"elementor-element elementor-element-bdb967b elementor-widget elementor-widget-mae-button\" data-id=\"bdb967b\" data-element_type=\"widget\" data-widget_type=\"mae-button.default\">\n\t\t\t\t<div class=\"elementor-widget-container\">\n\t\t\t\t\t\n        <a class=\"master-button btn-accent icon-none medium\" href=\"https:\/\/maler-pllana.de\/index.php\/kontakt\/\" \n            >\n\n            <span class=\"inner\">\n                <span class=\"content-base\">\n                                        <span class=\"text\">Vereinbaren Sie einen Termin<\/span>\n                                    <\/span>\n\n                <span class=\"content-hover\">\n                                        <span class=\"text\">Vereinbaren Sie einen Termin<\/span>\n                                    <\/span>\n            <\/span>\n\n            <span class=\"bg-hover\"><\/span>        <\/a>\n\n        \t\t\t\t<\/div>\n\t\t\t\t<\/div>\n\t\t\t\t\t<\/div>\n\t\t<\/div>\n\t\t\t\t<div class=\"elementor-column elementor-col-50 elementor-inner-column elementor-element elementor-element-58b2ac6\" data-id=\"58b2ac6\" data-element_type=\"column\">\n\t\t\t<div class=\"elementor-widget-wrap elementor-element-populated\">\n\t\t\t\t\t\t<div class=\"elementor-element elementor-element-a8d41ee elementor-invisible elementor-widget elementor-widget-mae-fancy-image\" data-id=\"a8d41ee\" data-element_type=\"widget\" data-settings=\"{&quot;_animation&quot;:&quot;revealLeft&quot;,&quot;_animation_delay&quot;:300}\" data-widget_type=\"mae-fancy-image.default\">\n\t\t\t\t<div class=\"elementor-widget-container\">\n\t\t\t\t\t\t\t\t<div class=\"master-fancy-image\">\n\t\t\t\t<div class=\"image-wrap\">\n\t\t\t\t\t<img fetchpriority=\"high\" decoding=\"async\" width=\"570\" height=\"561\" src=\"https:\/\/maler-pllana.de\/wp-content\/uploads\/2024\/05\/1-1.png\" class=\"attachment-full size-full\" alt=\"\" srcset=\"https:\/\/maler-pllana.de\/wp-content\/uploads\/2024\/05\/1-1.png 570w, https:\/\/maler-pllana.de\/wp-content\/uploads\/2024\/05\/1-1-300x295.png 300w, https:\/\/maler-pllana.de\/wp-content\/uploads\/2024\/05\/1-1-60x60.png 60w\" sizes=\"(max-width: 570px) 100vw, 570px\" \/>\n\t\t\t\t\t\t\t\t\t<\/div>\n\t\t\t<\/div>\n\t\t\t\t\t\t<\/div>\n\t\t\t\t<\/div>\n\t\t\t\t\t<\/div>\n\t\t<\/div>\n\t\t\t\t\t<\/div>\n\t\t<\/section>\n\t\t\t\t<div class=\"elementor-element elementor-element-448d9d1 elementor-widget elementor-widget-spacer\" data-id=\"448d9d1\" data-element_type=\"widget\" data-widget_type=\"spacer.default\">\n\t\t\t\t<div class=\"elementor-widget-container\">\n\t\t\t\t\t\t\t<div class=\"elementor-spacer\">\n\t\t\t<div class=\"elementor-spacer-inner\"><\/div>\n\t\t<\/div>\n\t\t\t\t\t\t<\/div>\n\t\t\t\t<\/div>\n\t\t\t\t\t<\/div>\n\t\t<\/div>\n\t\t\t\t\t<\/div>\n\t\t<\/section>\n\t\t\t\t<section class=\"elementor-section elementor-top-section elementor-element elementor-element-13e54b9 elementor-section-stretched elementor-section-boxed elementor-section-height-default elementor-section-height-default\" data-id=\"13e54b9\" data-element_type=\"section\" data-settings=\"{&quot;stretch_section&quot;:&quot;section-stretched&quot;,&quot;background_background&quot;:&quot;classic&quot;}\">\n\t\t\t\t\t\t<div class=\"elementor-container elementor-column-gap-default\">\n\t\t\t\t\t<div class=\"elementor-column elementor-col-100 elementor-top-column elementor-element elementor-element-f644db2\" data-id=\"f644db2\" data-element_type=\"column\">\n\t\t\t<div class=\"elementor-widget-wrap elementor-element-populated\">\n\t\t\t\t\t\t<div class=\"elementor-element elementor-element-07d197c elementor-widget elementor-widget-spacer\" data-id=\"07d197c\" data-element_type=\"widget\" data-widget_type=\"spacer.default\">\n\t\t\t\t<div class=\"elementor-widget-container\">\n\t\t\t\t\t\t\t<div class=\"elementor-spacer\">\n\t\t\t<div class=\"elementor-spacer-inner\"><\/div>\n\t\t<\/div>\n\t\t\t\t\t\t<\/div>\n\t\t\t\t<\/div>\n\t\t\t\t<div class=\"elementor-element elementor-element-66c0f72 elementor-widget elementor-widget-text-editor\" data-id=\"66c0f72\" data-element_type=\"widget\" data-widget_type=\"text-editor.default\">\n\t\t\t\t<div class=\"elementor-widget-container\">\n\t\t\t\t\t\t\t\t\t<p>Kreative Techniken<\/p>\t\t\t\t\t\t\t\t<\/div>\n\t\t\t\t<\/div>\n\t\t\t\t<div class=\"elementor-element elementor-element-40d7adc elementor-widget elementor-widget-text-editor\" data-id=\"40d7adc\" data-element_type=\"widget\" data-widget_type=\"text-editor.default\">\n\t\t\t\t<div class=\"elementor-widget-container\">\n\t\t\t\t\t\t\t\t\t<p>Entdecken Sie die Vielfalt kreativer Spachteltechniken, die jede Wand in ein Unikat verwandeln k\u00f6nnen &#8211; sei es mit einer edlen Betonoptik, einem angesagten Rost-Look oder einer individuell nach Ihren W\u00fcnschen gestalteten Oberfl\u00e4che.<\/p>\t\t\t\t\t\t\t\t<\/div>\n\t\t\t\t<\/div>\n\t\t\t\t<div class=\"elementor-element elementor-element-0c09e6d align-center elementor-widget elementor-widget-mae-button\" data-id=\"0c09e6d\" data-element_type=\"widget\" data-widget_type=\"mae-button.default\">\n\t\t\t\t<div class=\"elementor-widget-container\">\n\t\t\t\t\t\n        <a class=\"master-button btn-accent icon-none big\" href=\"https:\/\/maler-pllana.de\/index.php\/kontakt\/\" \n            >\n\n            <span class=\"inner\">\n                <span class=\"content-base\">\n                                        <span class=\"text\">Vereinbaren Sie einen Termin <\/span>\n                                    <\/span>\n\n                <span class=\"content-hover\">\n                                        <span class=\"text\">Vereinbaren Sie einen Termin <\/span>\n                                    <\/span>\n            <\/span>\n\n            <span class=\"bg-hover\"><\/span>        <\/a>\n\n        \t\t\t\t<\/div>\n\t\t\t\t<\/div>\n\t\t\t\t<div class=\"elementor-element elementor-element-fce7892 elementor-widget elementor-widget-spacer\" data-id=\"fce7892\" data-element_type=\"widget\" data-widget_type=\"spacer.default\">\n\t\t\t\t<div class=\"elementor-widget-container\">\n\t\t\t\t\t\t\t<div class=\"elementor-spacer\">\n\t\t\t<div class=\"elementor-spacer-inner\"><\/div>\n\t\t<\/div>\n\t\t\t\t\t\t<\/div>\n\t\t\t\t<\/div>\n\t\t\t\t\t<\/div>\n\t\t<\/div>\n\t\t\t\t\t<\/div>\n\t\t<\/section>\n\t\t\t\t<section class=\"elementor-section elementor-top-section elementor-element elementor-element-b8287b5 elementor-section-stretched elementor-section-boxed elementor-section-height-default elementor-section-height-default\" data-id=\"b8287b5\" data-element_type=\"section\" data-settings=\"{&quot;stretch_section&quot;:&quot;section-stretched&quot;,&quot;background_background&quot;:&quot;classic&quot;}\">\n\t\t\t\t\t\t<div class=\"elementor-container elementor-column-gap-no\">\n\t\t\t\t\t<div class=\"elementor-column elementor-col-100 elementor-top-column elementor-element elementor-element-88e2f92\" data-id=\"88e2f92\" data-element_type=\"column\">\n\t\t\t<div class=\"elementor-widget-wrap elementor-element-populated\">\n\t\t\t\t\t\t<div class=\"elementor-element elementor-element-ae2a313 elementor-widget elementor-widget-spacer\" data-id=\"ae2a313\" data-element_type=\"widget\" data-widget_type=\"spacer.default\">\n\t\t\t\t<div class=\"elementor-widget-container\">\n\t\t\t\t\t\t\t<div class=\"elementor-spacer\">\n\t\t\t<div class=\"elementor-spacer-inner\"><\/div>\n\t\t<\/div>\n\t\t\t\t\t\t<\/div>\n\t\t\t\t<\/div>\n\t\t\t\t<section class=\"elementor-section elementor-inner-section elementor-element elementor-element-556acee elementor-section-boxed elementor-section-height-default elementor-section-height-default\" data-id=\"556acee\" data-element_type=\"section\">\n\t\t\t\t\t\t<div class=\"elementor-container elementor-column-gap-default\">\n\t\t\t\t\t<div class=\"elementor-column elementor-col-50 elementor-inner-column elementor-element elementor-element-8d843ee\" data-id=\"8d843ee\" data-element_type=\"column\">\n\t\t\t<div class=\"elementor-widget-wrap elementor-element-populated\">\n\t\t\t\t\t\t<div class=\"elementor-element elementor-element-5b99a50 elementor-invisible elementor-widget elementor-widget-mae-fancy-image\" data-id=\"5b99a50\" data-element_type=\"widget\" data-settings=\"{&quot;_animation&quot;:&quot;revealLeft&quot;,&quot;_animation_delay&quot;:300}\" data-widget_type=\"mae-fancy-image.default\">\n\t\t\t\t<div class=\"elementor-widget-container\">\n\t\t\t\t\t\t\t\t<div class=\"master-fancy-image\">\n\t\t\t\t<div class=\"image-wrap\">\n\t\t\t\t\t<img decoding=\"async\" width=\"570\" height=\"561\" src=\"https:\/\/maler-pllana.de\/wp-content\/uploads\/2024\/05\/2-1.png\" class=\"attachment-full size-full\" alt=\"\" srcset=\"https:\/\/maler-pllana.de\/wp-content\/uploads\/2024\/05\/2-1.png 570w, https:\/\/maler-pllana.de\/wp-content\/uploads\/2024\/05\/2-1-300x295.png 300w, https:\/\/maler-pllana.de\/wp-content\/uploads\/2024\/05\/2-1-60x60.png 60w\" sizes=\"(max-width: 570px) 100vw, 570px\" \/>\n\t\t\t\t\t\t\t\t\t<\/div>\n\t\t\t<\/div>\n\t\t\t\t\t\t<\/div>\n\t\t\t\t<\/div>\n\t\t\t\t\t<\/div>\n\t\t<\/div>\n\t\t\t\t<div class=\"elementor-column elementor-col-50 elementor-inner-column elementor-element elementor-element-7de13d5\" data-id=\"7de13d5\" data-element_type=\"column\">\n\t\t\t<div class=\"elementor-widget-wrap elementor-element-populated\">\n\t\t\t\t\t\t<div class=\"elementor-element elementor-element-711784a elementor-widget elementor-widget-mae-headings\" data-id=\"711784a\" data-element_type=\"widget\" data-widget_type=\"mae-headings.default\">\n\t\t\t\t<div class=\"elementor-widget-container\">\n\t\t\t\t\t\t\t<div class=\"master-heading sep-after\">\n\t\t\t\t        \t        \t<div class=\"pre-heading\">Welche Tapete ist am besten geeignet?<\/div>\n\t        \n\t        \n\t        \t        <h2 class=\"main-heading\">Tapezieren<\/h2>\n\t        \n\t        <div class=\"sep\"><\/div>\n\t        \t    <\/div>\n\t    \t\t\t\t<\/div>\n\t\t\t\t<\/div>\n\t\t\t\t<div class=\"elementor-element elementor-element-37de60e elementor-widget elementor-widget-text-editor\" data-id=\"37de60e\" data-element_type=\"widget\" data-widget_type=\"text-editor.default\">\n\t\t\t\t<div class=\"elementor-widget-container\">\n\t\t\t\t\t\t\t\t\t<p>Wir bieten Ihnen eine gro\u00dfe Auswahl an Tapeten aller Art &#8211; von klassischen Rausfaser-Tapeten bis hin zu modernen Vlies- und Fototapeten. Entdecken Sie unz\u00e4hlige Muster und Farben, um Ihren R\u00e4umen eine pers\u00f6nliche Note zu verleihen. Unser erfahrenes Team steht Ihnen gerne zur Seite und unterst\u00fctzt Sie von der Auswahl bis hin zum Tapezieren.<\/p>\t\t\t\t\t\t\t\t<\/div>\n\t\t\t\t<\/div>\n\t\t\t\t<div class=\"elementor-element elementor-element-c4b7fba elementor-widget__width-auto elementor-widget-mobile__width-inherit align-left icon-default elementor-widget elementor-widget-mae-icon-text\" data-id=\"c4b7fba\" data-element_type=\"widget\" data-settings=\"{&quot;_animation&quot;:&quot;none&quot;}\" data-widget_type=\"mae-icon-text.default\">\n\t\t\t\t<div class=\"elementor-widget-container\">\n\t\t\t\t\t\n\t\t<div class=\"master-icon-text\">\n\t        <div class=\"icon-wrap\">\n\t\t        <i aria-hidden=\"true\" class=\"ci ci-check-circle1\"><\/i>\t        <\/div> \n\n\t        <div class=\"content-wrap\">\n\t            Tapeten aller Art\t        <\/div>\n\t    <\/div>\n\n\t    \t\t\t\t<\/div>\n\t\t\t\t<\/div>\n\t\t\t\t<div class=\"elementor-element elementor-element-ab751fc elementor-widget__width-auto elementor-widget-mobile__width-inherit align-left icon-default elementor-widget elementor-widget-mae-icon-text\" data-id=\"ab751fc\" data-element_type=\"widget\" data-settings=\"{&quot;_animation&quot;:&quot;none&quot;}\" data-widget_type=\"mae-icon-text.default\">\n\t\t\t\t<div class=\"elementor-widget-container\">\n\t\t\t\t\t\n\t\t<div class=\"master-icon-text\">\n\t        <div class=\"icon-wrap\">\n\t\t        <i aria-hidden=\"true\" class=\"ci ci-check-circle1\"><\/i>\t        <\/div> \n\n\t        <div class=\"content-wrap\">\n\t            unz\u00e4hlige Muster\t        <\/div>\n\t    <\/div>\n\n\t    \t\t\t\t<\/div>\n\t\t\t\t<\/div>\n\t\t\t\t<div class=\"elementor-element elementor-element-1bbf8ae elementor-widget elementor-widget-spacer\" data-id=\"1bbf8ae\" data-element_type=\"widget\" data-widget_type=\"spacer.default\">\n\t\t\t\t<div class=\"elementor-widget-container\">\n\t\t\t\t\t\t\t<div class=\"elementor-spacer\">\n\t\t\t<div class=\"elementor-spacer-inner\"><\/div>\n\t\t<\/div>\n\t\t\t\t\t\t<\/div>\n\t\t\t\t<\/div>\n\t\t\t\t<div class=\"elementor-element elementor-element-bbe0157 elementor-widget elementor-widget-mae-button\" data-id=\"bbe0157\" data-element_type=\"widget\" data-widget_type=\"mae-button.default\">\n\t\t\t\t<div class=\"elementor-widget-container\">\n\t\t\t\t\t\n        <a class=\"master-button btn-accent icon-none medium\" href=\"https:\/\/maler-pllana.de\/index.php\/kontakt\/\" \n            >\n\n            <span class=\"inner\">\n                <span class=\"content-base\">\n                                        <span class=\"text\">Vereinbaren Sie einen Termin<\/span>\n                                    <\/span>\n\n                <span class=\"content-hover\">\n                                        <span class=\"text\">Vereinbaren Sie einen Termin<\/span>\n                                    <\/span>\n            <\/span>\n\n            <span class=\"bg-hover\"><\/span>        <\/a>\n\n        \t\t\t\t<\/div>\n\t\t\t\t<\/div>\n\t\t\t\t\t<\/div>\n\t\t<\/div>\n\t\t\t\t\t<\/div>\n\t\t<\/section>\n\t\t\t\t<div class=\"elementor-element elementor-element-fa15c4e elementor-widget elementor-widget-spacer\" data-id=\"fa15c4e\" data-element_type=\"widget\" data-widget_type=\"spacer.default\">\n\t\t\t\t<div class=\"elementor-widget-container\">\n\t\t\t\t\t\t\t<div class=\"elementor-spacer\">\n\t\t\t<div class=\"elementor-spacer-inner\"><\/div>\n\t\t<\/div>\n\t\t\t\t\t\t<\/div>\n\t\t\t\t<\/div>\n\t\t\t\t\t<\/div>\n\t\t<\/div>\n\t\t\t\t\t<\/div>\n\t\t<\/section>\n\t\t\t\t<section class=\"elementor-section elementor-top-section elementor-element elementor-element-efd96d0 elementor-section-stretched elementor-section-boxed elementor-section-height-default elementor-section-height-default\" data-id=\"efd96d0\" data-element_type=\"section\" data-settings=\"{&quot;stretch_section&quot;:&quot;section-stretched&quot;,&quot;background_background&quot;:&quot;classic&quot;}\">\n\t\t\t\t\t\t<div class=\"elementor-container elementor-column-gap-no\">\n\t\t\t\t\t<div class=\"elementor-column elementor-col-100 elementor-top-column elementor-element elementor-element-62428de\" data-id=\"62428de\" data-element_type=\"column\">\n\t\t\t<div class=\"elementor-widget-wrap elementor-element-populated\">\n\t\t\t\t\t\t<div class=\"elementor-element elementor-element-979ef43 elementor-widget elementor-widget-spacer\" data-id=\"979ef43\" data-element_type=\"widget\" data-widget_type=\"spacer.default\">\n\t\t\t\t<div class=\"elementor-widget-container\">\n\t\t\t\t\t\t\t<div class=\"elementor-spacer\">\n\t\t\t<div class=\"elementor-spacer-inner\"><\/div>\n\t\t<\/div>\n\t\t\t\t\t\t<\/div>\n\t\t\t\t<\/div>\n\t\t\t\t<div class=\"elementor-element elementor-element-af6df2b align-center elementor-widget elementor-widget-mae-headings\" data-id=\"af6df2b\" data-element_type=\"widget\" data-widget_type=\"mae-headings.default\">\n\t\t\t\t<div class=\"elementor-widget-container\">\n\t\t\t\t\t\t\t<div class=\"master-heading sep-top\">\n\t\t\t<div class=\"sep\"><\/div>\t        \t        \t<div class=\"pre-heading\">Unsere zus\u00e4tzlichen<\/div>\n\t        \n\t        \n\t        \t        <h2 class=\"main-heading\">Leistungen<\/h2>\n\t        \n\t        \n\t        \t    <\/div>\n\t    \t\t\t\t<\/div>\n\t\t\t\t<\/div>\n\t\t\t\t<div class=\"elementor-element elementor-element-ceb973e elementor-widget elementor-widget-spacer\" data-id=\"ceb973e\" data-element_type=\"widget\" data-widget_type=\"spacer.default\">\n\t\t\t\t<div class=\"elementor-widget-container\">\n\t\t\t\t\t\t\t<div class=\"elementor-spacer\">\n\t\t\t<div class=\"elementor-spacer-inner\"><\/div>\n\t\t<\/div>\n\t\t\t\t\t\t<\/div>\n\t\t\t\t<\/div>\n\t\t\t\t<section class=\"elementor-section elementor-inner-section elementor-element elementor-element-d0bba76 elementor-section-boxed elementor-section-height-default elementor-section-height-default\" data-id=\"d0bba76\" data-element_type=\"section\">\n\t\t\t\t\t\t<div class=\"elementor-container elementor-column-gap-default\">\n\t\t\t\t\t<div class=\"elementor-column elementor-col-50 elementor-inner-column elementor-element elementor-element-3a28be4\" data-id=\"3a28be4\" data-element_type=\"column\">\n\t\t\t<div class=\"elementor-widget-wrap elementor-element-populated\">\n\t\t\t\t\t\t<div class=\"elementor-element elementor-element-06d3d3d align-center url-on-hover image-box-style-1 elementor-widget elementor-widget-mae-image-box\" data-id=\"06d3d3d\" data-element_type=\"widget\" data-widget_type=\"mae-image-box.default\">\n\t\t\t\t<div class=\"elementor-widget-container\">\n\t\t\t\t\t        <div class=\"master-image-box \">\n            <div class=\"thumb\"><img decoding=\"async\" width=\"538\" height=\"442\" src=\"https:\/\/maler-pllana.de\/wp-content\/uploads\/2024\/05\/2-2.png\" class=\"attachment-full size-full\" alt=\"\" srcset=\"https:\/\/maler-pllana.de\/wp-content\/uploads\/2024\/05\/2-2.png 538w, https:\/\/maler-pllana.de\/wp-content\/uploads\/2024\/05\/2-2-300x246.png 300w\" sizes=\"(max-width: 538px) 100vw, 538px\" \/><\/div>\n            <div class=\"content-wrap\">\n                <h3 class=\"headline-2\">Trockenbau<\/h3><div class=\"sep\"><\/div><div class=\"desc\"><p>Unsere Trockenbau-Leistungen umfassen die professionelle Gestaltung und Errichtung von <strong>Trockenbauw\u00e4nden<\/strong>, <strong>Decken<\/strong> und <strong>Zwischendecken<\/strong> f\u00fcr Ihre individuellen Wohn- oder Gesch\u00e4ftsr\u00e4ume. Wir bieten Ihnen <strong>ma\u00dfgeschneiderte<\/strong> <strong>L\u00f6sungen<\/strong> und sorgen f\u00fcr eine termingerechte und hochwertige Umsetzung nach Ihren Vorstellungen.<\/p><\/div>            <\/div>\n        <\/div>\n\n        \t\t\t\t<\/div>\n\t\t\t\t<\/div>\n\t\t\t\t\t<\/div>\n\t\t<\/div>\n\t\t\t\t<div class=\"elementor-column elementor-col-50 elementor-inner-column elementor-element elementor-element-9f39499\" data-id=\"9f39499\" data-element_type=\"column\">\n\t\t\t<div class=\"elementor-widget-wrap elementor-element-populated\">\n\t\t\t\t\t\t<div class=\"elementor-element elementor-element-c262568 align-center image-box-style-1 elementor-widget elementor-widget-mae-image-box\" data-id=\"c262568\" data-element_type=\"widget\" data-widget_type=\"mae-image-box.default\">\n\t\t\t\t<div class=\"elementor-widget-container\">\n\t\t\t\t\t        <div class=\"master-image-box \">\n            <div class=\"thumb\"><img loading=\"lazy\" decoding=\"async\" width=\"538\" height=\"442\" src=\"https:\/\/maler-pllana.de\/wp-content\/uploads\/2024\/05\/1-2.png\" class=\"attachment-full size-full\" alt=\"\" srcset=\"https:\/\/maler-pllana.de\/wp-content\/uploads\/2024\/05\/1-2.png 538w, https:\/\/maler-pllana.de\/wp-content\/uploads\/2024\/05\/1-2-300x246.png 300w\" sizes=\"(max-width: 538px) 100vw, 538px\" \/><\/div>\n            <div class=\"content-wrap\">\n                <h3 class=\"headline-2\">Schimmelsanierung<\/h3><div class=\"sep\"><\/div><div class=\"desc\"><p>Unser Team verf\u00fcgt \u00fcber umfassende <strong>Erfahrung<\/strong> und Kenntnisse in der <strong>Schimmelsanierung<\/strong>, um Ihre R\u00e4ume effektiv von Schimmel zu befreien und langfristig vor erneutem Befall zu <strong>sch\u00fctzen<\/strong>. Wir setzen auf professionelle Methoden und hochwertige Produkte, um ein gesundes Raumklima in Ihrem Zuhause oder B\u00fcro wiederherzustellen.<\/p><\/div>            <\/div>\n        <\/div>\n\n        \t\t\t\t<\/div>\n\t\t\t\t<\/div>\n\t\t\t\t\t<\/div>\n\t\t<\/div>\n\t\t\t\t\t<\/div>\n\t\t<\/section>\n\t\t\t\t<div class=\"elementor-element elementor-element-9e13d3c elementor-widget elementor-widget-spacer\" data-id=\"9e13d3c\" data-element_type=\"widget\" data-widget_type=\"spacer.default\">\n\t\t\t\t<div class=\"elementor-widget-container\">\n\t\t\t\t\t\t\t<div class=\"elementor-spacer\">\n\t\t\t<div class=\"elementor-spacer-inner\"><\/div>\n\t\t<\/div>\n\t\t\t\t\t\t<\/div>\n\t\t\t\t<\/div>\n\t\t\t\t\t<\/div>\n\t\t<\/div>\n\t\t\t\t\t<\/div>\n\t\t<\/section>\n\t\t\t\t<\/div>\n\t\t","protected":false},"excerpt":{"rendered":"<p>Auf welchen Untergrund welche Farbe? Innenanstriche Bei unseren Innenanstrichen legen wir besonderen Wert auf hochwertige Wandfarben und \u00f6kologische Produkte. Unsere Experten beraten Sie gerne, welche Farben sich am besten f\u00fcr Ihre Innenw\u00e4nde eignen, abgestimmt auf den jeweiligen Untergrund. Von nat\u00fcrlichen Wandfarben f\u00fcr ein gesundes Raumklima bis hin zu umweltfreundlichen Farben<\/p>\n","protected":false},"author":1,"featured_media":0,"parent":0,"menu_order":0,"comment_status":"closed","ping_status":"closed","template":"","meta":{"om_disable_all_campaigns":false,"_monsterinsights_skip_tracking":false,"_monsterinsights_sitenote_active":false,"_monsterinsights_sitenote_note":"","_monsterinsights_sitenote_category":0,"footnotes":""},"class_list":["post-9173","page","type-page","status-publish","hentry"],"aioseo_notices":[],"_links":{"self":[{"href":"https:\/\/maler-pllana.de\/index.php\/wp-json\/wp\/v2\/pages\/9173","targetHints":{"allow":["GET"]}}],"collection":[{"href":"https:\/\/maler-pllana.de\/index.php\/wp-json\/wp\/v2\/pages"}],"about":[{"href":"https:\/\/maler-pllana.de\/index.php\/wp-json\/wp\/v2\/types\/page"}],"author":[{"embeddable":true,"href":"https:\/\/maler-pllana.de\/index.php\/wp-json\/wp\/v2\/users\/1"}],"replies":[{"embeddable":true,"href":"https:\/\/maler-pllana.de\/index.php\/wp-json\/wp\/v2\/comments?post=9173"}],"version-history":[{"count":34,"href":"https:\/\/maler-pllana.de\/index.php\/wp-json\/wp\/v2\/pages\/9173\/revisions"}],"predecessor-version":[{"id":9564,"href":"https:\/\/maler-pllana.de\/index.php\/wp-json\/wp\/v2\/pages\/9173\/revisions\/9564"}],"wp:attachment":[{"href":"https:\/\/maler-pllana.de\/index.php\/wp-json\/wp\/v2\/media?parent=9173"}],"curies":[{"name":"wp","href":"https:\/\/api.w.org\/{rel}","templated":true}]}}