{"id":8062,"date":"2021-08-02T03:25:29","date_gmt":"2021-08-02T03:25:29","guid":{"rendered":"https:\/\/tplabs.co\/ametok\/?page_id=8062"},"modified":"2024-05-23T13:43:06","modified_gmt":"2024-05-23T13:43:06","slug":"leistungen","status":"publish","type":"page","link":"https:\/\/maler-pllana.de\/index.php\/leistungen\/","title":{"rendered":"Leistungen"},"content":{"rendered":"\t\t<div data-elementor-type=\"wp-page\" data-elementor-id=\"8062\" class=\"elementor elementor-8062\">\n\t\t\t\t\t\t<section class=\"elementor-section elementor-top-section elementor-element elementor-element-bf753cd elementor-section-stretched elementor-section-boxed elementor-section-height-default elementor-section-height-default\" data-id=\"bf753cd\" data-element_type=\"section\" data-settings=\"{&quot;stretch_section&quot;:&quot;section-stretched&quot;,&quot;background_background&quot;:&quot;classic&quot;}\">\n\t\t\t\t\t\t<div class=\"elementor-container elementor-column-gap-no\">\n\t\t\t\t\t<div class=\"elementor-column elementor-col-100 elementor-top-column elementor-element elementor-element-b736d82\" data-id=\"b736d82\" data-element_type=\"column\">\n\t\t\t<div class=\"elementor-widget-wrap elementor-element-populated\">\n\t\t\t\t\t\t<div class=\"elementor-element elementor-element-fe6779e elementor-widget elementor-widget-spacer\" data-id=\"fe6779e\" data-element_type=\"widget\" data-widget_type=\"spacer.default\">\n\t\t\t\t<div class=\"elementor-widget-container\">\n\t\t\t\t\t\t\t<div class=\"elementor-spacer\">\n\t\t\t<div class=\"elementor-spacer-inner\"><\/div>\n\t\t<\/div>\n\t\t\t\t\t\t<\/div>\n\t\t\t\t<\/div>\n\t\t\t\t<section class=\"elementor-section elementor-inner-section elementor-element elementor-element-fa9d176 elementor-section-boxed elementor-section-height-default elementor-section-height-default\" data-id=\"fa9d176\" data-element_type=\"section\">\n\t\t\t\t\t\t<div class=\"elementor-container elementor-column-gap-default\">\n\t\t\t\t\t<div class=\"elementor-column elementor-col-100 elementor-inner-column elementor-element elementor-element-8a40771\" data-id=\"8a40771\" data-element_type=\"column\">\n\t\t\t<div class=\"elementor-widget-wrap elementor-element-populated\">\n\t\t\t\t\t\t<div class=\"elementor-element elementor-element-3138528 align-center elementor-widget elementor-widget-mae-headings\" data-id=\"3138528\" data-element_type=\"widget\" data-widget_type=\"mae-headings.default\">\n\t\t\t\t<div class=\"elementor-widget-container\">\n\t\t\t\t\t\t\t<div class=\"master-heading sep-top\">\n\t\t\t<div class=\"sep\"><\/div>\t        \t        \t<div class=\"pre-heading\">Ein \u00dcberblick<\/div>\n\t        \n\t        \n\t        \t        <h2 class=\"main-heading\">Was wir anbieten<\/h2>\n\t        \n\t        \n\t        \t    <\/div>\n\t    \t\t\t\t<\/div>\n\t\t\t\t<\/div>\n\t\t\t\t\t<\/div>\n\t\t<\/div>\n\t\t\t\t\t<\/div>\n\t\t<\/section>\n\t\t\t\t<div class=\"elementor-element elementor-element-f94d169 elementor-widget elementor-widget-spacer\" data-id=\"f94d169\" data-element_type=\"widget\" data-widget_type=\"spacer.default\">\n\t\t\t\t<div class=\"elementor-widget-container\">\n\t\t\t\t\t\t\t<div class=\"elementor-spacer\">\n\t\t\t<div class=\"elementor-spacer-inner\"><\/div>\n\t\t<\/div>\n\t\t\t\t\t\t<\/div>\n\t\t\t\t<\/div>\n\t\t\t\t\t<\/div>\n\t\t<\/div>\n\t\t\t\t\t<\/div>\n\t\t<\/section>\n\t\t\t\t<section class=\"elementor-section elementor-top-section elementor-element elementor-element-04c377f elementor-section-boxed elementor-section-height-default elementor-section-height-default\" data-id=\"04c377f\" data-element_type=\"section\">\n\t\t\t\t\t\t<div class=\"elementor-container elementor-column-gap-default\">\n\t\t\t\t\t<div class=\"elementor-column elementor-col-33 elementor-top-column elementor-element elementor-element-bf5c787\" data-id=\"bf5c787\" data-element_type=\"column\">\n\t\t\t<div class=\"elementor-widget-wrap elementor-element-populated\">\n\t\t\t\t\t\t<div class=\"elementor-element elementor-element-ba3f830 align-left elementor-widget__width-initial image-box-style-1 elementor-widget elementor-widget-mae-image-box\" data-id=\"ba3f830\" data-element_type=\"widget\" data-widget_type=\"mae-image-box.default\">\n\t\t\t\t<div class=\"elementor-widget-container\">\n\t\t\t\t\t        <div class=\"master-image-box \">\n            <div class=\"thumb\"><img fetchpriority=\"high\" decoding=\"async\" width=\"350\" height=\"282\" src=\"https:\/\/maler-pllana.de\/wp-content\/uploads\/2024\/05\/2.png\" class=\"attachment-full size-full\" alt=\"\" srcset=\"https:\/\/maler-pllana.de\/wp-content\/uploads\/2024\/05\/2.png 350w, https:\/\/maler-pllana.de\/wp-content\/uploads\/2024\/05\/2-300x242.png 300w\" sizes=\"(max-width: 350px) 100vw, 350px\" \/><\/div>\n            <div class=\"content-wrap\">\n                <h3 class=\"headline-2\">Innenarbeiten<\/h3><div class=\"desc\"><p>Welcher Untergrund erfordert welche Farbe?<\/p><p>Entdecken Sie unsere umfangreichen Leistungen, <strong>einschlie\u00dflich Innenanstrichen, Trockenbau<\/strong> und vielem mehr.<\/p><\/div>            <div class=\"url-wrap\">\n                <a class=\"master-link  icon-right\" href=\"https:\/\/maler-pllana.de\/index.php\/innenarbeiten\/\">\n                                        <span>Erfahre mehr<\/span>\n                    <span class=\"icon ci ci-right-arrow\"><\/span>                <\/a>\n            <\/div>\n\n                        <\/div>\n        <\/div>\n\n        \t\t\t\t<\/div>\n\t\t\t\t<\/div>\n\t\t\t\t\t<\/div>\n\t\t<\/div>\n\t\t\t\t<div class=\"elementor-column elementor-col-33 elementor-top-column elementor-element elementor-element-ce50ec5\" data-id=\"ce50ec5\" data-element_type=\"column\">\n\t\t\t<div class=\"elementor-widget-wrap elementor-element-populated\">\n\t\t\t\t\t\t<div class=\"elementor-element elementor-element-d2ccf14 align-left elementor-widget__width-initial image-box-style-1 elementor-widget elementor-widget-mae-image-box\" data-id=\"d2ccf14\" data-element_type=\"widget\" data-widget_type=\"mae-image-box.default\">\n\t\t\t\t<div class=\"elementor-widget-container\">\n\t\t\t\t\t        <div class=\"master-image-box \">\n            <div class=\"thumb\"><img decoding=\"async\" width=\"350\" height=\"282\" src=\"https:\/\/maler-pllana.de\/wp-content\/uploads\/2024\/05\/1.png\" class=\"attachment-full size-full\" alt=\"\" srcset=\"https:\/\/maler-pllana.de\/wp-content\/uploads\/2024\/05\/1.png 350w, https:\/\/maler-pllana.de\/wp-content\/uploads\/2024\/05\/1-300x242.png 300w\" sizes=\"(max-width: 350px) 100vw, 350px\" \/><\/div>\n            <div class=\"content-wrap\">\n                <h3 class=\"headline-2\">Au\u00dfenarbeiten<\/h3><div class=\"desc\"><p>Welche Art von Au\u00dfenfassade eignet sich am besten f\u00fcr Ihr Geb\u00e4ude?<\/p><p>Erfahren Sie mehr \u00fcber unsere <strong>hochwertigen<\/strong>\u00a0<strong>Sanierputzsystem <\/strong>und\u00a0Fassadengestaltungen.<\/p><\/div>            <div class=\"url-wrap\">\n                <a class=\"master-link  icon-right\" href=\"https:\/\/maler-pllana.de\/index.php\/ausenarbeiten\/\">\n                                        <span>Erfahre mehr<\/span>\n                    <span class=\"icon ci ci-right-arrow\"><\/span>                <\/a>\n            <\/div>\n\n                        <\/div>\n        <\/div>\n\n        \t\t\t\t<\/div>\n\t\t\t\t<\/div>\n\t\t\t\t\t<\/div>\n\t\t<\/div>\n\t\t\t\t<div class=\"elementor-column elementor-col-33 elementor-top-column elementor-element elementor-element-3d6a900\" data-id=\"3d6a900\" data-element_type=\"column\">\n\t\t\t<div class=\"elementor-widget-wrap elementor-element-populated\">\n\t\t\t\t\t\t<div class=\"elementor-element elementor-element-a59b9f4 align-left image-box-style-1 elementor-widget elementor-widget-mae-image-box\" data-id=\"a59b9f4\" data-element_type=\"widget\" data-widget_type=\"mae-image-box.default\">\n\t\t\t\t<div class=\"elementor-widget-container\">\n\t\t\t\t\t        <div class=\"master-image-box \">\n            <div class=\"thumb\"><img decoding=\"async\" width=\"350\" height=\"282\" src=\"https:\/\/maler-pllana.de\/wp-content\/uploads\/2024\/05\/3.png\" class=\"attachment-full size-full\" alt=\"\" srcset=\"https:\/\/maler-pllana.de\/wp-content\/uploads\/2024\/05\/3.png 350w, https:\/\/maler-pllana.de\/wp-content\/uploads\/2024\/05\/3-300x242.png 300w\" sizes=\"(max-width: 350px) 100vw, 350px\" \/><\/div>\n            <div class=\"content-wrap\">\n                <h3 class=\"headline-2\">Lackarbeiten <\/h3><div class=\"desc\"><p>Welche Lackierung ist f\u00fcr welches Material geeignet?<\/p><p>Ergr\u00fcnden Sie, welche <strong>Lackierung<\/strong> f\u00fcr Ihre Oberfl\u00e4che geeignet ist und wie Sie diese vor <strong>Korrosion<\/strong> sch\u00fctzen k\u00f6nnen.<\/p><\/div>            <div class=\"url-wrap\">\n                <a class=\"master-link  icon-right\" href=\"https:\/\/maler-pllana.de\/index.php\/lackarbeiten\/\">\n                                        <span>Erfahre mehr<\/span>\n                    <span class=\"icon ci ci-right-arrow\"><\/span>                <\/a>\n            <\/div>\n\n                        <\/div>\n        <\/div>\n\n        \t\t\t\t<\/div>\n\t\t\t\t<\/div>\n\t\t\t\t\t<\/div>\n\t\t<\/div>\n\t\t\t\t\t<\/div>\n\t\t<\/section>\n\t\t\t\t<section class=\"elementor-section elementor-top-section elementor-element elementor-element-5fac208 elementor-section-boxed elementor-section-height-default elementor-section-height-default\" data-id=\"5fac208\" data-element_type=\"section\">\n\t\t\t\t\t\t<div class=\"elementor-container elementor-column-gap-default\">\n\t\t\t\t\t<div class=\"elementor-column elementor-col-100 elementor-top-column elementor-element elementor-element-596d9b4\" data-id=\"596d9b4\" data-element_type=\"column\">\n\t\t\t<div class=\"elementor-widget-wrap elementor-element-populated\">\n\t\t\t\t\t\t<div class=\"elementor-element elementor-element-5496467 elementor-widget elementor-widget-spacer\" data-id=\"5496467\" data-element_type=\"widget\" data-widget_type=\"spacer.default\">\n\t\t\t\t<div class=\"elementor-widget-container\">\n\t\t\t\t\t\t\t<div class=\"elementor-spacer\">\n\t\t\t<div class=\"elementor-spacer-inner\"><\/div>\n\t\t<\/div>\n\t\t\t\t\t\t<\/div>\n\t\t\t\t<\/div>\n\t\t\t\t<section class=\"elementor-section elementor-inner-section elementor-element elementor-element-061fad7 elementor-section-boxed elementor-section-height-default elementor-section-height-default\" data-id=\"061fad7\" data-element_type=\"section\">\n\t\t\t\t\t\t<div class=\"elementor-container elementor-column-gap-default\">\n\t\t\t\t\t<div class=\"elementor-column elementor-col-50 elementor-inner-column elementor-element elementor-element-cc42ca5\" data-id=\"cc42ca5\" data-element_type=\"column\">\n\t\t\t<div class=\"elementor-widget-wrap elementor-element-populated\">\n\t\t\t\t\t\t<div class=\"elementor-element elementor-element-c051281 elementor-invisible elementor-widget elementor-widget-mae-headings\" data-id=\"c051281\" data-element_type=\"widget\" data-widget_type=\"mae-headings.default\">\n\t\t\t\t<div class=\"elementor-widget-container\">\n\t\t\t\t\t\t\t<div class=\"master-heading sep-top\">\n\t\t\t<div class=\"sep\"><\/div>\t        \t        \t<div class=\"pre-heading\">\u00dcber uns<\/div>\n\t        \n\t        \n\t        \t        <h2 class=\"main-heading\">Warum sollten Sie uns w\u00e4hlen?<\/h2>\n\t        \n\t        \n\t        \t    <\/div>\n\t    \t\t\t\t<\/div>\n\t\t\t\t<\/div>\n\t\t\t\t\t<\/div>\n\t\t<\/div>\n\t\t\t\t<div class=\"elementor-column elementor-col-50 elementor-inner-column elementor-element elementor-element-7c40bce\" data-id=\"7c40bce\" data-element_type=\"column\">\n\t\t\t<div class=\"elementor-widget-wrap elementor-element-populated\">\n\t\t\t\t\t\t<div class=\"elementor-element elementor-element-f15f902 elementor-widget elementor-widget-spacer\" data-id=\"f15f902\" data-element_type=\"widget\" data-widget_type=\"spacer.default\">\n\t\t\t\t<div class=\"elementor-widget-container\">\n\t\t\t\t\t\t\t<div class=\"elementor-spacer\">\n\t\t\t<div class=\"elementor-spacer-inner\"><\/div>\n\t\t<\/div>\n\t\t\t\t\t\t<\/div>\n\t\t\t\t<\/div>\n\t\t\t\t<div class=\"elementor-element elementor-element-33db971 elementor-widget elementor-widget-text-editor\" data-id=\"33db971\" data-element_type=\"widget\" data-widget_type=\"text-editor.default\">\n\t\t\t\t<div class=\"elementor-widget-container\">\n\t\t\t\t\t\t\t\t\t<p>Unsere Arbeit zeichnet sich durch h\u00f6chste Handwerkskunst und Liebe zum Detail aus. Bei uns steht <strong>der Kunde im Mittelpunkt<\/strong>, und wir gehen stets die <strong>extra Meile<\/strong>, um Ihre Erwartungen zu \u00fcbertreffen.<\/p>\t\t\t\t\t\t\t\t<\/div>\n\t\t\t\t<\/div>\n\t\t\t\t\t<\/div>\n\t\t<\/div>\n\t\t\t\t\t<\/div>\n\t\t<\/section>\n\t\t\t\t<section class=\"elementor-section elementor-inner-section elementor-element elementor-element-5435d34 elementor-section-boxed elementor-section-height-default elementor-section-height-default\" data-id=\"5435d34\" data-element_type=\"section\">\n\t\t\t\t\t\t<div class=\"elementor-container elementor-column-gap-no\">\n\t\t\t\t\t<div class=\"elementor-column elementor-col-25 elementor-inner-column elementor-element elementor-element-fdecc21\" data-id=\"fdecc21\" data-element_type=\"column\">\n\t\t\t<div class=\"elementor-widget-wrap elementor-element-populated\">\n\t\t\t\t\t\t<div class=\"elementor-element elementor-element-7fff9fa align-center icon-position-top icon-has-bg hover-effect-none elementor-widget elementor-widget-mae-icon-box\" data-id=\"7fff9fa\" data-element_type=\"widget\" data-widget_type=\"mae-icon-box.default\">\n\t\t\t\t<div class=\"elementor-widget-container\">\n\t\t\t\t\t\n        <div class=\"master-icon-box\" >\n                        \n            <div class=\"inner\">\n                <div class=\"icon-wrap\"><div class=\"master-icon\"><i class=\"iv iv-maintenance\"><\/i><\/div><\/div>\n                <div class=\"text-wrap\">\n                    <h2 class=\"headline-2\">14 Jahre <br> Erfahrung<\/h2>                <\/div>\n            <\/div>\n\n            <div class=\"bg-static\"><\/div>        <\/div>\n\n        \t\t\t\t<\/div>\n\t\t\t\t<\/div>\n\t\t\t\t\t<\/div>\n\t\t<\/div>\n\t\t\t\t<div class=\"elementor-column elementor-col-25 elementor-inner-column elementor-element elementor-element-5c88c5b\" data-id=\"5c88c5b\" data-element_type=\"column\">\n\t\t\t<div class=\"elementor-widget-wrap elementor-element-populated\">\n\t\t\t\t\t\t<div class=\"elementor-element elementor-element-81503f4 align-center icon-position-top icon-has-bg hover-effect-none elementor-widget elementor-widget-mae-icon-box\" data-id=\"81503f4\" data-element_type=\"widget\" data-widget_type=\"mae-icon-box.default\">\n\t\t\t\t<div class=\"elementor-widget-container\">\n\t\t\t\t\t\n        <div class=\"master-icon-box\" >\n                        \n            <div class=\"inner\">\n                <div class=\"icon-wrap\"><div class=\"master-icon\"><i class=\"iv iv-hammer\"><\/i><\/div><\/div>\n                <div class=\"text-wrap\">\n                    <h2 class=\"headline-2\">Qualitative <br>Renovierung<\/h2>                <\/div>\n            <\/div>\n\n            <div class=\"bg-static\"><\/div>        <\/div>\n\n        \t\t\t\t<\/div>\n\t\t\t\t<\/div>\n\t\t\t\t\t<\/div>\n\t\t<\/div>\n\t\t\t\t<div class=\"elementor-column elementor-col-25 elementor-inner-column elementor-element elementor-element-6c43336 has-border-right-2\" data-id=\"6c43336\" data-element_type=\"column\">\n\t\t\t<div class=\"elementor-widget-wrap elementor-element-populated\">\n\t\t\t\t\t\t<div class=\"elementor-element elementor-element-ecbda20 align-center icon-position-top icon-has-bg hover-effect-none elementor-widget elementor-widget-mae-icon-box\" data-id=\"ecbda20\" data-element_type=\"widget\" data-widget_type=\"mae-icon-box.default\">\n\t\t\t\t<div class=\"elementor-widget-container\">\n\t\t\t\t\t\n        <div class=\"master-icon-box\" >\n                        \n            <div class=\"inner\">\n                <div class=\"icon-wrap\"><div class=\"master-icon\"><i class=\"ins ins-shipment\"><\/i><\/div><\/div>\n                <div class=\"text-wrap\">\n                    <h2 class=\"headline-2\">P\u00fcnktlichkeit &<br> Termintreue<\/h2>                <\/div>\n            <\/div>\n\n            <div class=\"bg-static\"><\/div>        <\/div>\n\n        \t\t\t\t<\/div>\n\t\t\t\t<\/div>\n\t\t\t\t\t<\/div>\n\t\t<\/div>\n\t\t\t\t<div class=\"elementor-column elementor-col-25 elementor-inner-column elementor-element elementor-element-4711d38\" data-id=\"4711d38\" data-element_type=\"column\">\n\t\t\t<div class=\"elementor-widget-wrap elementor-element-populated\">\n\t\t\t\t\t\t<div class=\"elementor-element elementor-element-d2fad6f align-center icon-position-top icon-has-bg hover-effect-none elementor-widget elementor-widget-mae-icon-box\" data-id=\"d2fad6f\" data-element_type=\"widget\" data-widget_type=\"mae-icon-box.default\">\n\t\t\t\t<div class=\"elementor-widget-container\">\n\t\t\t\t\t\n        <div class=\"master-icon-box\" >\n                        \n            <div class=\"inner\">\n                <div class=\"icon-wrap\"><div class=\"master-icon\"><i class=\"iv iv-renovation-02\"><\/i><\/div><\/div>\n                <div class=\"text-wrap\">\n                    <h2 class=\"headline-2\">Hochwertige<br> Materialen<\/h2>                <\/div>\n            <\/div>\n\n            <div class=\"bg-static\"><\/div>        <\/div>\n\n        \t\t\t\t<\/div>\n\t\t\t\t<\/div>\n\t\t\t\t\t<\/div>\n\t\t<\/div>\n\t\t\t\t\t<\/div>\n\t\t<\/section>\n\t\t\t\t\t<\/div>\n\t\t<\/div>\n\t\t\t\t\t<\/div>\n\t\t<\/section>\n\t\t\t\t<section class=\"elementor-section elementor-top-section elementor-element elementor-element-0ca9aa5 elementor-section-boxed elementor-section-height-default elementor-section-height-default\" data-id=\"0ca9aa5\" data-element_type=\"section\">\n\t\t\t\t\t\t<div class=\"elementor-container elementor-column-gap-default\">\n\t\t\t\t\t<div class=\"elementor-column elementor-col-100 elementor-top-column elementor-element elementor-element-55cda05\" data-id=\"55cda05\" data-element_type=\"column\">\n\t\t\t<div class=\"elementor-widget-wrap elementor-element-populated\">\n\t\t\t\t\t\t<div class=\"elementor-element elementor-element-2c5457f elementor-widget elementor-widget-spacer\" data-id=\"2c5457f\" data-element_type=\"widget\" data-widget_type=\"spacer.default\">\n\t\t\t\t<div class=\"elementor-widget-container\">\n\t\t\t\t\t\t\t<div class=\"elementor-spacer\">\n\t\t\t<div class=\"elementor-spacer-inner\"><\/div>\n\t\t<\/div>\n\t\t\t\t\t\t<\/div>\n\t\t\t\t<\/div>\n\t\t\t\t\t<\/div>\n\t\t<\/div>\n\t\t\t\t\t<\/div>\n\t\t<\/section>\n\t\t\t\t<\/div>\n\t\t","protected":false},"excerpt":{"rendered":"<p>Ein \u00dcberblick Was wir anbieten Innenarbeiten Welcher Untergrund erfordert welche Farbe? Entdecken Sie unsere umfangreichen Leistungen, einschlie\u00dflich Innenanstrichen, Trockenbau und vielem mehr. Erfahre mehr Au\u00dfenarbeiten Welche Art von Au\u00dfenfassade eignet sich am besten f\u00fcr Ihr Geb\u00e4ude? Erfahren Sie mehr \u00fcber unsere hochwertigen\u00a0Sanierputzsystem und\u00a0Fassadengestaltungen. Erfahre mehr Lackarbeiten Welche Lackierung ist f\u00fcr<\/p>\n","protected":false},"author":1,"featured_media":0,"parent":0,"menu_order":0,"comment_status":"closed","ping_status":"closed","template":"","meta":{"om_disable_all_campaigns":false,"_monsterinsights_skip_tracking":false,"_monsterinsights_sitenote_active":false,"_monsterinsights_sitenote_note":"","_monsterinsights_sitenote_category":0,"footnotes":""},"class_list":["post-8062","page","type-page","status-publish","hentry"],"aioseo_notices":[],"_links":{"self":[{"href":"https:\/\/maler-pllana.de\/index.php\/wp-json\/wp\/v2\/pages\/8062","targetHints":{"allow":["GET"]}}],"collection":[{"href":"https:\/\/maler-pllana.de\/index.php\/wp-json\/wp\/v2\/pages"}],"about":[{"href":"https:\/\/maler-pllana.de\/index.php\/wp-json\/wp\/v2\/types\/page"}],"author":[{"embeddable":true,"href":"https:\/\/maler-pllana.de\/index.php\/wp-json\/wp\/v2\/users\/1"}],"replies":[{"embeddable":true,"href":"https:\/\/maler-pllana.de\/index.php\/wp-json\/wp\/v2\/comments?post=8062"}],"version-history":[{"count":20,"href":"https:\/\/maler-pllana.de\/index.php\/wp-json\/wp\/v2\/pages\/8062\/revisions"}],"predecessor-version":[{"id":9305,"href":"https:\/\/maler-pllana.de\/index.php\/wp-json\/wp\/v2\/pages\/8062\/revisions\/9305"}],"wp:attachment":[{"href":"https:\/\/maler-pllana.de\/index.php\/wp-json\/wp\/v2\/media?parent=8062"}],"curies":[{"name":"wp","href":"https:\/\/api.w.org\/{rel}","templated":true}]}}