{"id":7963,"date":"2021-08-02T00:23:52","date_gmt":"2021-08-02T00:23:52","guid":{"rendered":"https:\/\/tplabs.co\/ametok\/?page_id=7963"},"modified":"2024-05-23T16:52:07","modified_gmt":"2024-05-23T16:52:07","slug":"ueber-uns","status":"publish","type":"page","link":"https:\/\/maler-pllana.de\/index.php\/ueber-uns\/","title":{"rendered":"\u00dcber uns"},"content":{"rendered":"\t\t<div data-elementor-type=\"wp-page\" data-elementor-id=\"7963\" class=\"elementor elementor-7963\">\n\t\t\t\t\t\t<section class=\"elementor-section elementor-top-section elementor-element elementor-element-23af92d elementor-section-boxed elementor-section-height-default elementor-section-height-default\" data-id=\"23af92d\" data-element_type=\"section\">\n\t\t\t\t\t\t<div class=\"elementor-container elementor-column-gap-default\">\n\t\t\t\t\t<div class=\"elementor-column elementor-col-100 elementor-top-column elementor-element elementor-element-eefdacc\" data-id=\"eefdacc\" data-element_type=\"column\">\n\t\t\t<div class=\"elementor-widget-wrap elementor-element-populated\">\n\t\t\t\t\t\t<div class=\"elementor-element elementor-element-16bba84 elementor-widget elementor-widget-spacer\" data-id=\"16bba84\" data-element_type=\"widget\" data-widget_type=\"spacer.default\">\n\t\t\t\t<div class=\"elementor-widget-container\">\n\t\t\t\t\t\t\t<div class=\"elementor-spacer\">\n\t\t\t<div class=\"elementor-spacer-inner\"><\/div>\n\t\t<\/div>\n\t\t\t\t\t\t<\/div>\n\t\t\t\t<\/div>\n\t\t\t\t<section class=\"elementor-section elementor-inner-section elementor-element elementor-element-39150e8 elementor-section-boxed elementor-section-height-default elementor-section-height-default\" data-id=\"39150e8\" data-element_type=\"section\">\n\t\t\t\t\t\t<div class=\"elementor-container elementor-column-gap-default\">\n\t\t\t\t\t<div class=\"elementor-column elementor-col-50 elementor-inner-column elementor-element elementor-element-1aa301a\" data-id=\"1aa301a\" data-element_type=\"column\">\n\t\t\t<div class=\"elementor-widget-wrap elementor-element-populated\">\n\t\t\t\t\t\t<div class=\"elementor-element elementor-element-f89ee5b elementor-invisible elementor-widget elementor-widget-mae-headings\" data-id=\"f89ee5b\" data-element_type=\"widget\" data-widget_type=\"mae-headings.default\">\n\t\t\t\t<div class=\"elementor-widget-container\">\n\t\t\t\t\t\t\t<div class=\"master-heading sep-top\">\n\t\t\t<div class=\"sep\"><\/div>\t        \t        \t<div class=\"pre-heading\">Willkommen beim Malerbetrieb Pllana<\/div>\n\t        \n\t        \n\t        \t        <h2 class=\"main-heading\">Maler mit Pr\u00e4zision & Leidenschaft<\/h2>\n\t        \n\t        \n\t        \t    <\/div>\n\t    \t\t\t\t<\/div>\n\t\t\t\t<\/div>\n\t\t\t\t<div class=\"elementor-element elementor-element-e5e6e53 elementor-widget elementor-widget-text-editor\" data-id=\"e5e6e53\" data-element_type=\"widget\" data-widget_type=\"text-editor.default\">\n\t\t\t\t<div class=\"elementor-widget-container\">\n\t\t\t\t\t\t\t\t\t<p>Willkommen bei unserem Malerbetrieb! Mein Name ist <strong>Labinot Pllana<\/strong>, und ich freue mich, Sie auf unserer Webseite begr\u00fc\u00dfen zu d\u00fcrfen. Als Inhaber und Gesch\u00e4ftsf\u00fchrer unseres Unternehmens in Heilbronn stehe ich pers\u00f6nlich f\u00fcr <strong>Pr\u00e4zision, Qualit\u00e4t<\/strong> und <strong>Nachhaltigkeit<\/strong>.<\/p>\t\t\t\t\t\t\t\t<\/div>\n\t\t\t\t<\/div>\n\t\t\t\t<div class=\"elementor-element elementor-element-4f14885 icon-default elementor-widget elementor-widget-mae-icon-text\" data-id=\"4f14885\" data-element_type=\"widget\" data-widget_type=\"mae-icon-text.default\">\n\t\t\t\t<div class=\"elementor-widget-container\">\n\t\t\t\t\t\n\t\t<div class=\"master-icon-text\">\n\t        <div class=\"icon-wrap\">\n\t\t        <i aria-hidden=\"true\" class=\"ci ci-check\"><\/i>\t        <\/div> \n\n\t        <div class=\"content-wrap\">\n\t            Inbdividuelle Beratung\t        <\/div>\n\t    <\/div>\n\n\t    \t\t\t\t<\/div>\n\t\t\t\t<\/div>\n\t\t\t\t<div class=\"elementor-element elementor-element-33facb3 icon-default elementor-widget elementor-widget-mae-icon-text\" data-id=\"33facb3\" data-element_type=\"widget\" data-widget_type=\"mae-icon-text.default\">\n\t\t\t\t<div class=\"elementor-widget-container\">\n\t\t\t\t\t\n\t\t<div class=\"master-icon-text\">\n\t        <div class=\"icon-wrap\">\n\t\t        <i aria-hidden=\"true\" class=\"ci ci-check\"><\/i>\t        <\/div> \n\n\t        <div class=\"content-wrap\">\n\t            14 Jahre Branchenerfahrung\t        <\/div>\n\t    <\/div>\n\n\t    \t\t\t\t<\/div>\n\t\t\t\t<\/div>\n\t\t\t\t<div class=\"elementor-element elementor-element-ec29d32 icon-default elementor-widget elementor-widget-mae-icon-text\" data-id=\"ec29d32\" data-element_type=\"widget\" data-widget_type=\"mae-icon-text.default\">\n\t\t\t\t<div class=\"elementor-widget-container\">\n\t\t\t\t\t\n\t\t<div class=\"master-icon-text\">\n\t        <div class=\"icon-wrap\">\n\t\t        <i aria-hidden=\"true\" class=\"ci ci-check\"><\/i>\t        <\/div> \n\n\t        <div class=\"content-wrap\">\n\t            Kostenlose Besichtungs und Angebotserstellung\t        <\/div>\n\t    <\/div>\n\n\t    \t\t\t\t<\/div>\n\t\t\t\t<\/div>\n\t\t\t\t<div class=\"elementor-element elementor-element-ae5360e elementor-widget elementor-widget-mae-button\" data-id=\"ae5360e\" data-element_type=\"widget\" data-widget_type=\"mae-button.default\">\n\t\t\t\t<div class=\"elementor-widget-container\">\n\t\t\t\t\t\n        <a class=\"master-button btn-accent icon-none big\" href=\"https:\/\/maler-pllana.de\/index.php\/kontakt\/\" \n            >\n\n            <span class=\"inner\">\n                <span class=\"content-base\">\n                                        <span class=\"text\">Kontaktieren Sie uns<\/span>\n                                    <\/span>\n\n                <span class=\"content-hover\">\n                                        <span class=\"text\">Kontaktieren Sie uns<\/span>\n                                    <\/span>\n            <\/span>\n\n            <span class=\"bg-hover\"><\/span>        <\/a>\n\n        \t\t\t\t<\/div>\n\t\t\t\t<\/div>\n\t\t\t\t\t<\/div>\n\t\t<\/div>\n\t\t\t\t<div class=\"elementor-column elementor-col-50 elementor-inner-column elementor-element elementor-element-214f171\" data-id=\"214f171\" data-element_type=\"column\">\n\t\t\t<div class=\"elementor-widget-wrap elementor-element-populated\">\n\t\t\t\t\t\t<div class=\"elementor-element elementor-element-403db21 image-width-full elementor-widget elementor-widget-mae-gallery-stack\" data-id=\"403db21\" data-element_type=\"widget\" data-widget_type=\"mae-gallery-stack.default\">\n\t\t\t\t<div class=\"elementor-widget-container\">\n\t\t\t\t\t\t\t<div class=\"master-gallery-stack\">\n\t\t\t<div class=\"master-fancy-image elementor-repeater-item-62400d2\" data-top=\"80px\" data-parallax='{\"x\" : 60, \"y\" : 0, \"smoothness\" : 30}'>\n\t\t\t\t\t\t\t\t\t<div class=\"image-wrap\"><img fetchpriority=\"high\" decoding=\"async\" width=\"370\" height=\"490\" src=\"https:\/\/maler-pllana.de\/wp-content\/uploads\/2024\/05\/test-2.png\" class=\"attachment-full size-full\" alt=\"\" srcset=\"https:\/\/maler-pllana.de\/wp-content\/uploads\/2024\/05\/test-2.png 370w, https:\/\/maler-pllana.de\/wp-content\/uploads\/2024\/05\/test-2-227x300.png 227w\" sizes=\"(max-width: 370px) 100vw, 370px\" \/><\/div>\n\t\t\t\t\t\t\t\t<\/div><div class=\"master-fancy-image elementor-repeater-item-b9fdf14\" data-top=\"0px\" data-parallax='{\"x\" : -60, \"y\" : 0, \"smoothness\" : 30}'>\n\t\t\t\t\t\t\t\t\t<div class=\"image-wrap\"><img decoding=\"async\" width=\"370\" height=\"490\" src=\"https:\/\/maler-pllana.de\/wp-content\/uploads\/2024\/05\/painting.png\" class=\"attachment-full size-full\" alt=\"\" srcset=\"https:\/\/maler-pllana.de\/wp-content\/uploads\/2024\/05\/painting.png 370w, https:\/\/maler-pllana.de\/wp-content\/uploads\/2024\/05\/painting-227x300.png 227w\" sizes=\"(max-width: 370px) 100vw, 370px\" \/><\/div>\n\t\t\t\t\t\t\t\t<\/div>\t\t<\/div>\n\t    \t\t\t\t<\/div>\n\t\t\t\t<\/div>\n\t\t\t\t\t<\/div>\n\t\t<\/div>\n\t\t\t\t\t<\/div>\n\t\t<\/section>\n\t\t\t\t<div class=\"elementor-element elementor-element-fc316f6 elementor-widget__width-initial elementor-widget elementor-widget-spacer\" data-id=\"fc316f6\" data-element_type=\"widget\" data-widget_type=\"spacer.default\">\n\t\t\t\t<div class=\"elementor-widget-container\">\n\t\t\t\t\t\t\t<div class=\"elementor-spacer\">\n\t\t\t<div class=\"elementor-spacer-inner\"><\/div>\n\t\t<\/div>\n\t\t\t\t\t\t<\/div>\n\t\t\t\t<\/div>\n\t\t\t\t\t<\/div>\n\t\t<\/div>\n\t\t\t\t\t<\/div>\n\t\t<\/section>\n\t\t\t\t<section class=\"elementor-section elementor-top-section elementor-element elementor-element-bbcf31d elementor-section-stretched elementor-section-boxed elementor-section-height-default elementor-section-height-default\" data-id=\"bbcf31d\" data-element_type=\"section\" data-settings=\"{&quot;stretch_section&quot;:&quot;section-stretched&quot;,&quot;background_background&quot;:&quot;classic&quot;}\">\n\t\t\t\t\t\t\t<div class=\"elementor-background-overlay\"><\/div>\n\t\t\t\t\t\t\t<div class=\"elementor-container elementor-column-gap-default\">\n\t\t\t\t\t<div class=\"elementor-column elementor-col-100 elementor-top-column elementor-element elementor-element-7197c7f\" data-id=\"7197c7f\" data-element_type=\"column\">\n\t\t\t<div class=\"elementor-widget-wrap elementor-element-populated\">\n\t\t\t\t\t\t<div class=\"elementor-element elementor-element-3ea627e elementor-widget elementor-widget-spacer\" data-id=\"3ea627e\" data-element_type=\"widget\" data-widget_type=\"spacer.default\">\n\t\t\t\t<div class=\"elementor-widget-container\">\n\t\t\t\t\t\t\t<div class=\"elementor-spacer\">\n\t\t\t<div class=\"elementor-spacer-inner\"><\/div>\n\t\t<\/div>\n\t\t\t\t\t\t<\/div>\n\t\t\t\t<\/div>\n\t\t\t\t<div class=\"elementor-element elementor-element-7049ac7 align-center elementor-invisible elementor-widget elementor-widget-mae-headings\" data-id=\"7049ac7\" data-element_type=\"widget\" data-widget_type=\"mae-headings.default\">\n\t\t\t\t<div class=\"elementor-widget-container\">\n\t\t\t\t\t\t\t<div class=\"master-heading sep-none\">\n\t\t\t\t        \t        \t<div class=\"pre-heading\">Wir stehen f\u00fcr<\/div>\n\t        \n\t        \n\t        \t        <h2 class=\"main-heading\">Pr\u00e4zision, Leidenschaft, Qualit\u00e4t & Nachhaltigkeit<\/h2>\n\t        \n\t        \n\t        \t    <\/div>\n\t    \t\t\t\t<\/div>\n\t\t\t\t<\/div>\n\t\t\t\t<div class=\"elementor-element elementor-element-3542435 elementor-widget elementor-widget-spacer\" data-id=\"3542435\" data-element_type=\"widget\" data-widget_type=\"spacer.default\">\n\t\t\t\t<div class=\"elementor-widget-container\">\n\t\t\t\t\t\t\t<div class=\"elementor-spacer\">\n\t\t\t<div class=\"elementor-spacer-inner\"><\/div>\n\t\t<\/div>\n\t\t\t\t\t\t<\/div>\n\t\t\t\t<\/div>\n\t\t\t\t<div class=\"elementor-element elementor-element-080d4da icon-default elementor-widget__width-auto elementor-absolute elementor-hidden-phone shake-hover elementor-invisible elementor-widget elementor-widget-mae-cta\" data-id=\"080d4da\" data-element_type=\"widget\" data-settings=\"{&quot;_animation&quot;:&quot;fadeInUpSmall&quot;,&quot;_position&quot;:&quot;absolute&quot;}\" data-widget_type=\"mae-cta.default\">\n\t\t\t\t<div class=\"elementor-widget-container\">\n\t\t\t\t\t\n        <a class=\"master-cta\" href=\"tel:01703557573\">\n                        <span class=\"content-wrap\">\n                <span class=\"icon\"><i aria-hidden=\"true\" class=\"ci-phone-call\"><\/i><\/span>\n                <span class=\"texts\">\n                    <span class=\"text\">Vereinbaren Sie einen Termin<\/span>                    <span class=\"phone\">0170 3557573<\/span>                <\/span>\n            <\/span>\n        <\/a>\n\n        \t\t\t\t<\/div>\n\t\t\t\t<\/div>\n\t\t\t\t\t<\/div>\n\t\t<\/div>\n\t\t\t\t\t<\/div>\n\t\t<\/section>\n\t\t\t\t<section class=\"elementor-section elementor-top-section elementor-element elementor-element-f096667 elementor-section-stretched elementor-section-boxed elementor-section-height-default elementor-section-height-default\" data-id=\"f096667\" data-element_type=\"section\" data-settings=\"{&quot;stretch_section&quot;:&quot;section-stretched&quot;,&quot;background_background&quot;:&quot;classic&quot;}\">\n\t\t\t\t\t\t<div class=\"elementor-container elementor-column-gap-no\">\n\t\t\t\t\t<div class=\"elementor-column elementor-col-100 elementor-top-column elementor-element elementor-element-8b3580d\" data-id=\"8b3580d\" data-element_type=\"column\">\n\t\t\t<div class=\"elementor-widget-wrap elementor-element-populated\">\n\t\t\t\t\t\t<div class=\"elementor-element elementor-element-c233857 elementor-widget elementor-widget-spacer\" data-id=\"c233857\" data-element_type=\"widget\" data-widget_type=\"spacer.default\">\n\t\t\t\t<div class=\"elementor-widget-container\">\n\t\t\t\t\t\t\t<div class=\"elementor-spacer\">\n\t\t\t<div class=\"elementor-spacer-inner\"><\/div>\n\t\t<\/div>\n\t\t\t\t\t\t<\/div>\n\t\t\t\t<\/div>\n\t\t\t\t<section class=\"elementor-section elementor-inner-section elementor-element elementor-element-d4fa4b3 elementor-section-boxed elementor-section-height-default elementor-section-height-default\" data-id=\"d4fa4b3\" data-element_type=\"section\">\n\t\t\t\t\t\t<div class=\"elementor-container elementor-column-gap-default\">\n\t\t\t\t\t<div class=\"elementor-column elementor-col-50 elementor-inner-column elementor-element elementor-element-cf7e775\" data-id=\"cf7e775\" data-element_type=\"column\">\n\t\t\t<div class=\"elementor-widget-wrap elementor-element-populated\">\n\t\t\t\t\t\t<div class=\"elementor-element elementor-element-8adfcb9 elementor-invisible elementor-widget elementor-widget-mae-headings\" data-id=\"8adfcb9\" data-element_type=\"widget\" data-widget_type=\"mae-headings.default\">\n\t\t\t\t<div class=\"elementor-widget-container\">\n\t\t\t\t\t\t\t<div class=\"master-heading sep-top\">\n\t\t\t<div class=\"sep\"><\/div>\t        \t        \t<div class=\"pre-heading\">Erhalte Sie erste <\/div>\n\t        \n\t        \n\t        \t        <h2 class=\"main-heading\">Einblicke in unsere Leistungen<\/h2>\n\t        \n\t        \n\t        \t    <\/div>\n\t    \t\t\t\t<\/div>\n\t\t\t\t<\/div>\n\t\t\t\t\t<\/div>\n\t\t<\/div>\n\t\t\t\t<div class=\"elementor-column elementor-col-50 elementor-inner-column elementor-element elementor-element-028fca8\" data-id=\"028fca8\" data-element_type=\"column\">\n\t\t\t<div class=\"elementor-widget-wrap elementor-element-populated\">\n\t\t\t\t\t\t<div class=\"elementor-element elementor-element-170dfb3 elementor-widget__width-initial elementor-widget elementor-widget-text-editor\" data-id=\"170dfb3\" data-element_type=\"widget\" data-widget_type=\"text-editor.default\">\n\t\t\t\t<div class=\"elementor-widget-container\">\n\t\t\t\t\t\t\t\t\t<p>Mit langj\u00e4hriger <strong>Branchenerfahrung<\/strong> bieten wir Ihnen ein umfassendes Leistungsspektrum, das Innenarbeiten, Au\u00dfenarbeiten und Lackierarbeiten umfasst. Unser Team steht f\u00fcr h\u00f6chste Qualit\u00e4t, um Ihre R\u00e4ume sowohl innen als auch au\u00dfen perfekt zu gestalten. Dabei legen wir besonderen Wert auf <strong>nachhaltige Materialien<\/strong> und <strong>langfristiges Denken<\/strong>, um langlebige Ergebnisse zu garantieren.<\/p>\t\t\t\t\t\t\t\t<\/div>\n\t\t\t\t<\/div>\n\t\t\t\t\t<\/div>\n\t\t<\/div>\n\t\t\t\t\t<\/div>\n\t\t<\/section>\n\t\t\t\t<section class=\"elementor-section elementor-inner-section elementor-element elementor-element-c01b33a elementor-section-boxed elementor-section-height-default elementor-section-height-default\" data-id=\"c01b33a\" data-element_type=\"section\">\n\t\t\t\t\t\t<div class=\"elementor-container elementor-column-gap-default\">\n\t\t\t\t\t<div class=\"elementor-column elementor-col-33 elementor-inner-column elementor-element elementor-element-cdc3383\" data-id=\"cdc3383\" data-element_type=\"column\">\n\t\t\t<div class=\"elementor-widget-wrap elementor-element-populated\">\n\t\t\t\t\t\t<div class=\"elementor-element elementor-element-f1a329f icon-position-bottom hover-effect-style-1 elementor-widget elementor-widget-mae-icon-box\" data-id=\"f1a329f\" data-element_type=\"widget\" data-widget_type=\"mae-icon-box.default\">\n\t\t\t\t<div class=\"elementor-widget-container\">\n\t\t\t\t\t\n        <div class=\"master-icon-box\" >\n                        \n            <div class=\"inner\">\n                <div class=\"icon-wrap\"><div class=\"master-icon\"><i class=\"iv iv-renovation\"><\/i><\/div><\/div>\n                <div class=\"text-wrap\">\n                    <div class=\"sep\"><\/div><h2 class=\"headline-2\">Innenarbeiten<\/h2>                <\/div>\n            <\/div>\n\n            <div class=\"bg\"><\/div><div class=\"bg-hover\"><\/div>        <\/div>\n\n        \t\t\t\t<\/div>\n\t\t\t\t<\/div>\n\t\t\t\t\t<\/div>\n\t\t<\/div>\n\t\t\t\t<div class=\"elementor-column elementor-col-33 elementor-inner-column elementor-element elementor-element-b40ae51\" data-id=\"b40ae51\" data-element_type=\"column\">\n\t\t\t<div class=\"elementor-widget-wrap elementor-element-populated\">\n\t\t\t\t\t\t<div class=\"elementor-element elementor-element-12f578a icon-position-bottom hover-effect-style-1 elementor-widget elementor-widget-mae-icon-box\" data-id=\"12f578a\" data-element_type=\"widget\" data-widget_type=\"mae-icon-box.default\">\n\t\t\t\t<div class=\"elementor-widget-container\">\n\t\t\t\t\t\n        <div class=\"master-icon-box\" >\n                        \n            <div class=\"inner\">\n                <div class=\"icon-wrap\"><div class=\"master-icon\"><i class=\"iv iv-renovation-02\"><\/i><\/div><\/div>\n                <div class=\"text-wrap\">\n                    <div class=\"sep\"><\/div><h2 class=\"headline-2\">Au\u00dfenarbeiten<\/h2>                <\/div>\n            <\/div>\n\n            <div class=\"bg\"><\/div><div class=\"bg-hover\"><\/div>        <\/div>\n\n        \t\t\t\t<\/div>\n\t\t\t\t<\/div>\n\t\t\t\t\t<\/div>\n\t\t<\/div>\n\t\t\t\t<div class=\"elementor-column elementor-col-33 elementor-inner-column elementor-element elementor-element-df13ecf\" data-id=\"df13ecf\" data-element_type=\"column\">\n\t\t\t<div class=\"elementor-widget-wrap elementor-element-populated\">\n\t\t\t\t\t\t<div class=\"elementor-element elementor-element-316e1df icon-position-bottom hover-effect-style-1 elementor-widget elementor-widget-mae-icon-box\" data-id=\"316e1df\" data-element_type=\"widget\" data-widget_type=\"mae-icon-box.default\">\n\t\t\t\t<div class=\"elementor-widget-container\">\n\t\t\t\t\t\n        <div class=\"master-icon-box\" >\n                        \n            <div class=\"inner\">\n                <div class=\"icon-wrap\"><div class=\"master-icon\"><i class=\"iv iv-renovation-03\"><\/i><\/div><\/div>\n                <div class=\"text-wrap\">\n                    <div class=\"sep\"><\/div><h2 class=\"headline-2\">Lackarbeiten<\/h2>                <\/div>\n            <\/div>\n\n            <div class=\"bg\"><\/div><div class=\"bg-hover\"><\/div>        <\/div>\n\n        \t\t\t\t<\/div>\n\t\t\t\t<\/div>\n\t\t\t\t\t<\/div>\n\t\t<\/div>\n\t\t\t\t\t<\/div>\n\t\t<\/section>\n\t\t\t\t<div class=\"elementor-element elementor-element-f843e7b elementor-widget elementor-widget-spacer\" data-id=\"f843e7b\" data-element_type=\"widget\" data-widget_type=\"spacer.default\">\n\t\t\t\t<div class=\"elementor-widget-container\">\n\t\t\t\t\t\t\t<div class=\"elementor-spacer\">\n\t\t\t<div class=\"elementor-spacer-inner\"><\/div>\n\t\t<\/div>\n\t\t\t\t\t\t<\/div>\n\t\t\t\t<\/div>\n\t\t\t\t\t<\/div>\n\t\t<\/div>\n\t\t\t\t\t<\/div>\n\t\t<\/section>\n\t\t\t\t<\/div>\n\t\t","protected":false},"excerpt":{"rendered":"<p>Willkommen beim Malerbetrieb Pllana Maler mit Pr\u00e4zision &#038; Leidenschaft Willkommen bei unserem Malerbetrieb! Mein Name ist Labinot Pllana, und ich freue mich, Sie auf unserer Webseite begr\u00fc\u00dfen zu d\u00fcrfen. Als Inhaber und Gesch\u00e4ftsf\u00fchrer unseres Unternehmens in Heilbronn stehe ich pers\u00f6nlich f\u00fcr Pr\u00e4zision, Qualit\u00e4t und Nachhaltigkeit. Inbdividuelle Beratung 14 Jahre Branchenerfahrung<\/p>\n","protected":false},"author":1,"featured_media":0,"parent":0,"menu_order":0,"comment_status":"closed","ping_status":"closed","template":"","meta":{"om_disable_all_campaigns":false,"_monsterinsights_skip_tracking":false,"_monsterinsights_sitenote_active":false,"_monsterinsights_sitenote_note":"","_monsterinsights_sitenote_category":0,"footnotes":""},"class_list":["post-7963","page","type-page","status-publish","hentry"],"aioseo_notices":[],"_links":{"self":[{"href":"https:\/\/maler-pllana.de\/index.php\/wp-json\/wp\/v2\/pages\/7963","targetHints":{"allow":["GET"]}}],"collection":[{"href":"https:\/\/maler-pllana.de\/index.php\/wp-json\/wp\/v2\/pages"}],"about":[{"href":"https:\/\/maler-pllana.de\/index.php\/wp-json\/wp\/v2\/types\/page"}],"author":[{"embeddable":true,"href":"https:\/\/maler-pllana.de\/index.php\/wp-json\/wp\/v2\/users\/1"}],"replies":[{"embeddable":true,"href":"https:\/\/maler-pllana.de\/index.php\/wp-json\/wp\/v2\/comments?post=7963"}],"version-history":[{"count":35,"href":"https:\/\/maler-pllana.de\/index.php\/wp-json\/wp\/v2\/pages\/7963\/revisions"}],"predecessor-version":[{"id":9436,"href":"https:\/\/maler-pllana.de\/index.php\/wp-json\/wp\/v2\/pages\/7963\/revisions\/9436"}],"wp:attachment":[{"href":"https:\/\/maler-pllana.de\/index.php\/wp-json\/wp\/v2\/media?parent=7963"}],"curies":[{"name":"wp","href":"https:\/\/api.w.org\/{rel}","templated":true}]}}